{"id":7560,"date":"2024-01-02T15:39:27","date_gmt":"2024-01-02T14:39:27","guid":{"rendered":"https:\/\/casalepozzuolo.it\/monte-antico-wohnung\/"},"modified":"2026-03-21T06:45:59","modified_gmt":"2026-03-21T05:45:59","slug":"monte-antico-wohnung","status":"publish","type":"page","link":"https:\/\/casalepozzuolo.it\/de\/monte-antico-wohnung\/","title":{"rendered":"Monte Antico Wohnung"},"content":{"rendered":"\t\t<div data-elementor-type=\"wp-page\" data-elementor-id=\"7560\" class=\"elementor elementor-7560 elementor-2526\" data-elementor-settings=\"{&quot;element_pack_global_tooltip_width&quot;:{&quot;unit&quot;:&quot;px&quot;,&quot;size&quot;:&quot;&quot;,&quot;sizes&quot;:[]},&quot;element_pack_global_tooltip_width_tablet&quot;:{&quot;unit&quot;:&quot;px&quot;,&quot;size&quot;:&quot;&quot;,&quot;sizes&quot;:[]},&quot;element_pack_global_tooltip_width_mobile&quot;:{&quot;unit&quot;:&quot;px&quot;,&quot;size&quot;:&quot;&quot;,&quot;sizes&quot;:[]},&quot;element_pack_global_tooltip_padding&quot;:{&quot;unit&quot;:&quot;px&quot;,&quot;top&quot;:&quot;&quot;,&quot;right&quot;:&quot;&quot;,&quot;bottom&quot;:&quot;&quot;,&quot;left&quot;:&quot;&quot;,&quot;isLinked&quot;:true},&quot;element_pack_global_tooltip_padding_tablet&quot;:{&quot;unit&quot;:&quot;px&quot;,&quot;top&quot;:&quot;&quot;,&quot;right&quot;:&quot;&quot;,&quot;bottom&quot;:&quot;&quot;,&quot;left&quot;:&quot;&quot;,&quot;isLinked&quot;:true},&quot;element_pack_global_tooltip_padding_mobile&quot;:{&quot;unit&quot;:&quot;px&quot;,&quot;top&quot;:&quot;&quot;,&quot;right&quot;:&quot;&quot;,&quot;bottom&quot;:&quot;&quot;,&quot;left&quot;:&quot;&quot;,&quot;isLinked&quot;:true},&quot;element_pack_global_tooltip_border_radius&quot;:{&quot;unit&quot;:&quot;px&quot;,&quot;top&quot;:&quot;&quot;,&quot;right&quot;:&quot;&quot;,&quot;bottom&quot;:&quot;&quot;,&quot;left&quot;:&quot;&quot;,&quot;isLinked&quot;:true},&quot;element_pack_global_tooltip_border_radius_tablet&quot;:{&quot;unit&quot;:&quot;px&quot;,&quot;top&quot;:&quot;&quot;,&quot;right&quot;:&quot;&quot;,&quot;bottom&quot;:&quot;&quot;,&quot;left&quot;:&quot;&quot;,&quot;isLinked&quot;:true},&quot;element_pack_global_tooltip_border_radius_mobile&quot;:{&quot;unit&quot;:&quot;px&quot;,&quot;top&quot;:&quot;&quot;,&quot;right&quot;:&quot;&quot;,&quot;bottom&quot;:&quot;&quot;,&quot;left&quot;:&quot;&quot;,&quot;isLinked&quot;:true}}\" data-elementor-post-type=\"page\">\n\t\t\t\t<div class=\"elementor-element elementor-element-ce9ae24 e-flex e-con-boxed e-con e-parent\" data-id=\"ce9ae24\" data-element_type=\"container\" data-e-type=\"container\" data-settings=\"{&quot;background_background&quot;:&quot;classic&quot;}\">\n\t\t\t\t\t<div class=\"e-con-inner\">\n\t\t<div class=\"elementor-element elementor-element-011448a e-con-full e-flex e-con e-child\" data-id=\"011448a\" data-element_type=\"container\" data-e-type=\"container\" data-settings=\"{&quot;background_background&quot;:&quot;classic&quot;}\">\n\t\t<div class=\"elementor-element elementor-element-96a6ae8 e-con-full e-flex e-con e-child\" data-id=\"96a6ae8\" data-element_type=\"container\" data-e-type=\"container\">\n\t\t<div class=\"elementor-element elementor-element-0b9894a e-con-full e-flex e-con e-child\" data-id=\"0b9894a\" data-element_type=\"container\" data-e-type=\"container\">\n\t\t\t\t<\/div>\n\t\t\t\t<\/div>\n\t\t\t\t<\/div>\n\t\t\t\t\t<\/div>\n\t\t\t\t<\/div>\n\t\t<div class=\"elementor-element elementor-element-79f63f5 elementor-hidden-tablet e-flex e-con-boxed e-con e-parent\" data-id=\"79f63f5\" data-element_type=\"container\" data-e-type=\"container\">\n\t\t\t\t\t<div class=\"e-con-inner\">\n\t\t\t\t<div class=\"elementor-element elementor-element-aed6c20 elementor-widget elementor-widget-shortcode\" data-id=\"aed6c20\" data-element_type=\"widget\" data-e-type=\"widget\" data-widget_type=\"shortcode.default\">\n\t\t\t\t<div class=\"elementor-widget-container\">\n\t\t\t\t\t\t\t<div class=\"elementor-shortcode\"><style>    #box-pren-xenion {        background-color: rgba(0,0,0,0.1);        padding-top: 10px;        padding-bottom: 22px;        padding-left: 10px;        padding-right: 6px;        position: relative;    }    @media (max-width: 991px) {        #box-pren-xenion {            padding-right: 10px;            padding-bottom: 3px;        }    }    @media (max-width: 991px) {        #box-pren-xenion .col-pren {            padding-right: 3px;            padding-bottom: 3px;        }    }    #box-pren-xenion .btn-search {        background-color: #4dab66;    }    @media (max-width: 991px) {        #box-pren-xenion .col-pren {            padding-top: 3px;        }    }{\n\/* insert here additional code *\/\n\n}<\/style><div id='box-pren-xenion' ng-app='xenMain' ng-controller='mainCtrl'><div class='bootstrap-xenion'><div class='col-md-12 title' ng-class=\"{'col-pren-active':elementwithfocus=='ci'}\" >Online-Reservierung<\/div><div class='clearfix'><\/div><div class='col-md-3 col-pren' ng-class=\"{'col-pren-active':elementwithfocus=='ci'}\" >    <input id='checkIn' autocomplete='off' type='text' placeholder='Check-in' class='form-control form-control-date input-text' ng-focus=\"focus('ci')\" ng-change='changeDate()' ng-model='prenotazione.dataDa' data-min-date='{{today}}' name='date' bs-datepicker><\/div><div class='col-md-3 col-pren' ng-class=\"{'col-pren-active':elementwithfocus=='co'}\" >    <input id='checkOut' autocomplete='off' type='text' placeholder='Check-out' class='form-control form-control-date input-text' ng-focus=\"focus('co')\" ng-change='changeDate()' ng-model='prenotazione.dataAl' name='date' bs-datepicker><\/div><div class='col-md-2 col-pren' ng-class=\"{'col-pren-active':elementwithfocus=='adulti'}\" >    <select ng-focus=\"focus('adulti')\" ng-model='prenotazione.numAdulti' class='form-control input-select'>        <option value='' selected>Erwachsene<\/option><option value='1'>1 erwachsene<\/option><option value='2'>2 erwachsene<\/option><option value='3'>3 erwachsene<\/option><option value='4'>4 erwachsene<\/option><option value='5'>5 erwachsene<\/option><option value='6'>6 erwachsene<\/option><option value='7'>7 erwachsene<\/option><option value='8'>8 erwachsene<\/option><option value='9'>9 erwachsene<\/option><option value='10'>10 erwachsene<\/option><option value='11'>11 erwachsene<\/option><option value='12'>12 erwachsene<\/option><option value='13'>13 erwachsene<\/option><option value='14'>14 erwachsene<\/option><option value='15'>15 erwachsene<\/option><option value='16'>16 erwachsene<\/option><option value='17'>17 erwachsene<\/option><option value='18'>18 erwachsene<\/option><option value='19'>19 erwachsene<\/option><option value='20'>20 erwachsene<\/option>    <\/select><\/div><div class='col-md-2 col-pren' ng-class=\"{'col-pren-active':elementwithfocus=='bambini'}\" >    <select ng-focus=\"focus('bambini')\" ng-model='prenotazione.numBambini' class='form-control input-select'>        <option value='' disabled selected>Kinder<\/option><option value='0'>0 kinder<\/option><option value='1'>1 baby<\/option><option value='2'>2 kinder<\/option><option value='3'>3 kinder<\/option><option value='4'>4 kinder<\/option><option value='5'>5 kinder<\/option><option value='6'>6 kinder<\/option><option value='7'>7 kinder<\/option><option value='8'>8 kinder<\/option><option value='9'>9 kinder<\/option><option value='10'>10 kinder<\/option><option value='11'>11 kinder<\/option><option value='12'>12 kinder<\/option><option value='13'>13 kinder<\/option><option value='14'>14 kinder<\/option><option value='15'>15 kinder<\/option>    <\/select><\/div><div class='col-xs-6 col-sm-3 col-md-2 col-search'>   <div ng-click='startSearch()' ng-disabled='prenotazione.dateOK==undefined' class='btn btn-sm btn-primary btn-search'>Suche<\/div><\/div><div class='clearfix'><\/div><div ng-cloak><\/div><div class='clearfix'><\/div><div class='col-md-12 powered-by'>powered by <a class='link-xenion' title='Il gestionale semplice per strutture ricettive' target='_new' href='https:\/\/www.xenion.it\/'><u>xenion<\/u><\/a><\/div><\/div><\/div><script>    __testDatePk = '0';<\/script><\/div>\n\t\t\t\t\t\t<\/div>\n\t\t\t\t<\/div>\n\t\t\t\t\t<\/div>\n\t\t\t\t<\/div>\n\t\t<div class=\"elementor-element elementor-element-6db8e92 e-flex e-con-boxed e-con e-parent\" data-id=\"6db8e92\" data-element_type=\"container\" data-e-type=\"container\">\n\t\t\t\t\t<div class=\"e-con-inner\">\n\t\t<div class=\"elementor-element elementor-element-9c19101 e-con-full e-flex e-con e-child\" data-id=\"9c19101\" data-element_type=\"container\" data-e-type=\"container\">\n\t\t\t\t<div class=\"elementor-element elementor-element-09dba5b bdt-motion-effect-yes elementor-invisible elementor-widget elementor-widget-text-editor\" data-id=\"09dba5b\" data-element_type=\"widget\" data-e-type=\"widget\" data-settings=\"{&quot;_animation&quot;:&quot;fadeInUp&quot;}\" data-widget_type=\"text-editor.default\">\n\t\t\t\t<div class=\"elementor-widget-container\">\n\t\t\t\t\t\t\t\t\t<p>Wohnung Monte Antico <span style=\"font-size: 24px;\">(2+2 Schlafpl\u00e4tze)<\/span><\/p>\t\t\t\t\t\t\t\t<\/div>\n\t\t\t\t<\/div>\n\t\t\t\t<\/div>\n\t\t\t\t\t<\/div>\n\t\t\t\t<\/div>\n\t\t<div class=\"elementor-element elementor-element-abd39a6 e-flex e-con-boxed e-con e-parent\" data-id=\"abd39a6\" data-element_type=\"container\" data-e-type=\"container\">\n\t\t\t\t\t<div class=\"e-con-inner\">\n\t\t<div class=\"elementor-element elementor-element-b2fae42 e-con-full e-flex e-con e-child\" data-id=\"b2fae42\" data-element_type=\"container\" data-e-type=\"container\">\n\t\t\t\t<div class=\"elementor-element elementor-element-be83207 elementor-invisible elementor-widget elementor-widget-text-editor\" data-id=\"be83207\" data-element_type=\"widget\" data-e-type=\"widget\" data-settings=\"{&quot;_animation&quot;:&quot;fadeInUp&quot;}\" data-widget_type=\"text-editor.default\">\n\t\t\t\t<div class=\"elementor-widget-container\">\n\t\t\t\t\t\t\t\t\t<p>Wohnung f\u00fcr 4 Personen im Erdgeschoss mit Zugang vom Esszimmer, ausgestattet mit TV und einem Doppel-Schlafsofa, einer K\u00fcchenzeile mit kleinem Elektroherd und einem Standk\u00fchlschrank mit Gefrierfach.<\/p>\t\t\t\t\t\t\t\t<\/div>\n\t\t\t\t<\/div>\n\t\t\t\t<div class=\"elementor-element elementor-element-a205a55 elementor-invisible elementor-widget elementor-widget-text-editor\" data-id=\"a205a55\" data-element_type=\"widget\" data-e-type=\"widget\" data-settings=\"{&quot;_animation&quot;:&quot;fadeInUp&quot;}\" data-widget_type=\"text-editor.default\">\n\t\t\t\t<div class=\"elementor-widget-container\">\n\t\t\t\t\t\t\t\t\t<p>Der Schlafbereich besteht aus einem Doppelzimmer + Schlafsessel (Ottoman) mit eigenem Bad und Dusche, in dem ein Zustellbett hinzugef\u00fcgt werden kann. Die Wohnung verf\u00fcgt \u00fcber einen privaten Garten, der f\u00fcr Mahlzeiten im Freien ausgestattet ist.<\/p>\t\t\t\t\t\t\t\t<\/div>\n\t\t\t\t<\/div>\n\t\t\t\t<\/div>\n\t\t\t\t\t<\/div>\n\t\t\t\t<\/div>\n\t\t<div class=\"elementor-element elementor-element-dbedff8 e-flex e-con-boxed e-con e-parent\" data-id=\"dbedff8\" data-element_type=\"container\" data-e-type=\"container\">\n\t\t\t\t\t<div class=\"e-con-inner\">\n\t\t<div class=\"elementor-element elementor-element-a69c0ff e-con-full e-flex e-con e-child\" data-id=\"a69c0ff\" data-element_type=\"container\" data-e-type=\"container\">\n\t\t<div class=\"elementor-element elementor-element-78c8e43 e-con-full e-flex e-con e-child\" data-id=\"78c8e43\" data-element_type=\"container\" data-e-type=\"container\" data-settings=\"{&quot;background_background&quot;:&quot;classic&quot;,&quot;animation&quot;:&quot;none&quot;}\">\n\t\t<div class=\"elementor-element elementor-element-8149b61 e-con-full e-flex e-con e-child\" data-id=\"8149b61\" data-element_type=\"container\" data-e-type=\"container\" data-settings=\"{&quot;background_background&quot;:&quot;classic&quot;}\">\n\t\t\t\t<div class=\"elementor-element elementor-element-c7b5da7 elementor-widget elementor-widget-heading\" data-id=\"c7b5da7\" data-element_type=\"widget\" data-e-type=\"widget\" data-widget_type=\"heading.default\">\n\t\t\t\t<div class=\"elementor-widget-container\">\n\t\t\t\t\t<h2 class=\"elementor-heading-title elementor-size-default\">Lage<\/h2>\t\t\t\t<\/div>\n\t\t\t\t<\/div>\n\t\t\t\t<div class=\"elementor-element elementor-element-a5c50fc elementor-widget elementor-widget-text-editor\" data-id=\"a5c50fc\" data-element_type=\"widget\" data-e-type=\"widget\" data-widget_type=\"text-editor.default\">\n\t\t\t\t<div class=\"elementor-widget-container\">\n\t\t\t\t\t\t\t\t\t<div>Erdge<span style=\"font-size: 24px;\">schoss<\/span><\/div>\n<div style=\"margin-top: -10px;\"><span style=\"font-size: 18px;\">+privater Garten<\/span><\/div>\t\t\t\t\t\t\t\t<\/div>\n\t\t\t\t<\/div>\n\t\t\t\t<\/div>\n\t\t<div class=\"elementor-element elementor-element-82685bc e-con-full e-flex e-con e-child\" data-id=\"82685bc\" data-element_type=\"container\" data-e-type=\"container\" data-settings=\"{&quot;background_background&quot;:&quot;classic&quot;}\">\n\t\t\t\t<div class=\"elementor-element elementor-element-abd1cf1 elementor-widget elementor-widget-heading\" data-id=\"abd1cf1\" data-element_type=\"widget\" data-e-type=\"widget\" data-widget_type=\"heading.default\">\n\t\t\t\t<div class=\"elementor-widget-container\">\n\t\t\t\t\t<h2 class=\"elementor-heading-title elementor-size-default\">Personen<\/h2>\t\t\t\t<\/div>\n\t\t\t\t<\/div>\n\t\t\t\t<div class=\"elementor-element elementor-element-d11c45f elementor-widget elementor-widget-text-editor\" data-id=\"d11c45f\" data-element_type=\"widget\" data-e-type=\"widget\" data-widget_type=\"text-editor.default\">\n\t\t\t\t<div class=\"elementor-widget-container\">\n\t\t\t\t\t\t\t\t\t<p>2+2<span style=\"font-size: 24px;\">Schlafpl\u00e4tze<\/span><\/p>\t\t\t\t\t\t\t\t<\/div>\n\t\t\t\t<\/div>\n\t\t\t\t<\/div>\n\t\t<div class=\"elementor-element elementor-element-061e9cf e-con-full e-flex e-con e-child\" data-id=\"061e9cf\" data-element_type=\"container\" data-e-type=\"container\" data-settings=\"{&quot;background_background&quot;:&quot;classic&quot;}\">\n\t\t\t\t<div class=\"elementor-element elementor-element-14796d8 elementor-widget elementor-widget-heading\" data-id=\"14796d8\" data-element_type=\"widget\" data-e-type=\"widget\" data-widget_type=\"heading.default\">\n\t\t\t\t<div class=\"elementor-widget-container\">\n\t\t\t\t\t<h2 class=\"elementor-heading-title elementor-size-default\">Schlafbereich<\/h2>\t\t\t\t<\/div>\n\t\t\t\t<\/div>\n\t\t\t\t<div class=\"elementor-element elementor-element-fe85f3d elementor-widget elementor-widget-text-editor\" data-id=\"fe85f3d\" data-element_type=\"widget\" data-e-type=\"widget\" data-widget_type=\"text-editor.default\">\n\t\t\t\t<div class=\"elementor-widget-container\">\n\t\t\t\t\t\t\t\t\t<p>1 <span style=\"font-size: 24px;\">Schlafzimmer<\/span><\/p>\t\t\t\t\t\t\t\t<\/div>\n\t\t\t\t<\/div>\n\t\t\t\t<\/div>\n\t\t<div class=\"elementor-element elementor-element-cba1c64 e-con-full e-flex e-con e-child\" data-id=\"cba1c64\" data-element_type=\"container\" data-e-type=\"container\" data-settings=\"{&quot;background_background&quot;:&quot;classic&quot;}\">\n\t\t\t\t<div class=\"elementor-element elementor-element-daee3fd elementor-widget elementor-widget-heading\" data-id=\"daee3fd\" data-element_type=\"widget\" data-e-type=\"widget\" data-widget_type=\"heading.default\">\n\t\t\t\t<div class=\"elementor-widget-container\">\n\t\t\t\t\t<h2 class=\"elementor-heading-title elementor-size-default\">Bagni<\/h2>\t\t\t\t<\/div>\n\t\t\t\t<\/div>\n\t\t\t\t<div class=\"elementor-element elementor-element-3b0a085 elementor-widget elementor-widget-text-editor\" data-id=\"3b0a085\" data-element_type=\"widget\" data-e-type=\"widget\" data-widget_type=\"text-editor.default\">\n\t\t\t\t<div class=\"elementor-widget-container\">\n\t\t\t\t\t\t\t\t\t<p>1 <span style=\"font-size: 24px;\">mit Dusche<\/span><\/p>\t\t\t\t\t\t\t\t<\/div>\n\t\t\t\t<\/div>\n\t\t\t\t<\/div>\n\t\t<div class=\"elementor-element elementor-element-fef7723 e-con-full e-flex e-con e-child\" data-id=\"fef7723\" data-element_type=\"container\" data-e-type=\"container\" data-settings=\"{&quot;background_background&quot;:&quot;classic&quot;}\">\n\t\t\t\t<div class=\"elementor-element elementor-element-c8cc501 elementor-widget elementor-widget-text-editor\" data-id=\"c8cc501\" data-element_type=\"widget\" data-e-type=\"widget\" data-widget_type=\"text-editor.default\">\n\t\t\t\t<div class=\"elementor-widget-container\">\n\t\t\t\t\t\t\t\t\t<p><span style=\"font-size: 24px;\">ab<\/span> \u20ac 136\/<span style=\"font-size: 24px;\">Nacht<\/span><\/p>\t\t\t\t\t\t\t\t<\/div>\n\t\t\t\t<\/div>\n\t\t\t\t<\/div>\n\t\t\t\t<\/div>\n\t\t\t\t<\/div>\n\t\t\t\t\t<\/div>\n\t\t\t\t<\/div>\n\t\t<div class=\"elementor-element elementor-element-149a8cd elementor-hidden-desktop elementor-hidden-tablet elementor-hidden-mobile e-flex e-con-boxed e-con e-parent\" data-id=\"149a8cd\" data-element_type=\"container\" data-e-type=\"container\">\n\t\t\t\t\t<div class=\"e-con-inner\">\n\t\t\t\t<div class=\"elementor-element elementor-element-e573a23 bdt-motion-effect-yes elementor-invisible elementor-widget elementor-widget-heading\" data-id=\"e573a23\" data-element_type=\"widget\" data-e-type=\"widget\" data-settings=\"{&quot;_animation&quot;:&quot;fadeInUp&quot;}\" data-widget_type=\"heading.default\">\n\t\t\t\t<div class=\"elementor-widget-container\">\n\t\t\t\t\t<h2 class=\"elementor-heading-title elementor-size-default\">\u00dcberpr\u00fcfen Sie die Verf\u00fcgbarkeit der Wohnung Monte Antico<\/h2>\t\t\t\t<\/div>\n\t\t\t\t<\/div>\n\t\t\t\t<div class=\"elementor-element elementor-element-df4d0e5 elementor-invisible elementor-widget elementor-widget-text-editor\" data-id=\"df4d0e5\" data-element_type=\"widget\" data-e-type=\"widget\" data-settings=\"{&quot;_animation&quot;:&quot;fadeInUp&quot;}\" data-widget_type=\"text-editor.default\">\n\t\t\t\t<div class=\"elementor-widget-container\">\n\t\t\t\t\t\t\t\t\t<p>\u00dcberpr\u00fcfen Sie in Echtzeit die Verf\u00fcgbarkeit der Wohnung Monte Antico und buchen Sie, um Ihre Daten f\u00fcr Ihren Aufenthalt im Casale Pozzuolo zu sichern.<\/p>\t\t\t\t\t\t\t\t<\/div>\n\t\t\t\t<\/div>\n\t\t\t\t<div class=\"elementor-element elementor-element-e43e5fb elementor-align-center elementor-mobile-align-center elementor-hidden-mobile elementor-widget elementor-widget-button\" data-id=\"e43e5fb\" data-element_type=\"widget\" data-e-type=\"widget\" data-widget_type=\"button.default\">\n\t\t\t\t<div class=\"elementor-widget-container\">\n\t\t\t\t\t\t\t\t\t<div class=\"elementor-button-wrapper\">\n\t\t\t\t\t<a class=\"elementor-button elementor-button-link elementor-size-md\" href=\"https:\/\/casalepozzuolo.it\/de\/buchung-monte-antico\/\" target=\"_blank\">\n\t\t\t\t\t\t<span class=\"elementor-button-content-wrapper\">\n\t\t\t\t\t\t\t\t\t<span class=\"elementor-button-text\">Klicken Sie hier und \u00fcberpr\u00fcfen Sie die Verf\u00fcgbarkeit<\/span>\n\t\t\t\t\t<\/span>\n\t\t\t\t\t<\/a>\n\t\t\t\t<\/div>\n\t\t\t\t\t\t\t\t<\/div>\n\t\t\t\t<\/div>\n\t\t\t\t\t<\/div>\n\t\t\t\t<\/div>\n\t\t\t\t<section class=\"elementor-section elementor-top-section elementor-element elementor-element-d600fda elementor-section-height-min-height bdt-particles-yes elementor-section-boxed elementor-section-height-default elementor-section-items-middle\" data-id=\"d600fda\" data-element_type=\"section\" data-e-type=\"section\" data-settings=\"{&quot;background_background&quot;:&quot;classic&quot;,&quot;section_particles_on&quot;:&quot;yes&quot;}\">\n\t\t\t\t\t\t<div class=\"elementor-container elementor-column-gap-default\">\n\t\t\t\t\t<div class=\"elementor-column elementor-col-100 elementor-top-column elementor-element elementor-element-9960478\" data-id=\"9960478\" data-element_type=\"column\" data-e-type=\"column\">\n\t\t\t<div class=\"elementor-widget-wrap\">\n\t\t\t\t\t\t\t<\/div>\n\t\t<\/div>\n\t\t\t\t\t<\/div>\n\t\t<\/section>\n\t\t\t\t<section class=\"elementor-section elementor-top-section elementor-element elementor-element-848739c elementor-section-boxed elementor-section-height-default elementor-section-height-default\" data-id=\"848739c\" data-element_type=\"section\" data-e-type=\"section\">\n\t\t\t\t\t\t<div class=\"elementor-container elementor-column-gap-default\">\n\t\t\t\t\t<div class=\"elementor-column elementor-col-100 elementor-top-column elementor-element elementor-element-a72ec1a\" data-id=\"a72ec1a\" data-element_type=\"column\" data-e-type=\"column\">\n\t\t\t<div class=\"elementor-widget-wrap elementor-element-populated\">\n\t\t\t\t\t\t<div class=\"elementor-element elementor-element-bb6bb93 elementor-invisible elementor-widget elementor-widget-heading\" data-id=\"bb6bb93\" data-element_type=\"widget\" data-e-type=\"widget\" data-settings=\"{&quot;_animation&quot;:&quot;fadeInUp&quot;}\" data-widget_type=\"heading.default\">\n\t\t\t\t<div class=\"elementor-widget-container\">\n\t\t\t\t\t<h2 class=\"elementor-heading-title elementor-size-default\">Urlaub in Casale Pozzuolo<\/h2>\t\t\t\t<\/div>\n\t\t\t\t<\/div>\n\t\t\t\t<div class=\"elementor-element elementor-element-307b385 elementor-invisible elementor-widget elementor-widget-image\" data-id=\"307b385\" data-element_type=\"widget\" data-e-type=\"widget\" data-settings=\"{&quot;_animation&quot;:&quot;fadeInUp&quot;}\" data-widget_type=\"image.default\">\n\t\t\t\t<div class=\"elementor-widget-container\">\n\t\t\t\t\t\t\t\t\t\t\t\t\t\t\t<img decoding=\"async\" width=\"124\" height=\"55\" src=\"https:\/\/casalepozzuolo.it\/wp-content\/uploads\/2025\/05\/casale-pozzuolo-under-title.png\" class=\"attachment-full size-full wp-image-7014\" alt=\"\" \/>\t\t\t\t\t\t\t\t\t\t\t\t\t\t\t<\/div>\n\t\t\t\t<\/div>\n\t\t\t\t<section class=\"elementor-section elementor-inner-section elementor-element elementor-element-fee0c6e elementor-section-boxed elementor-section-height-default elementor-section-height-default\" data-id=\"fee0c6e\" data-element_type=\"section\" data-e-type=\"section\">\n\t\t\t\t\t\t<div class=\"elementor-container elementor-column-gap-default\">\n\t\t\t\t\t<div class=\"elementor-column elementor-col-50 elementor-inner-column elementor-element elementor-element-1984bda\" data-id=\"1984bda\" data-element_type=\"column\" data-e-type=\"column\">\n\t\t\t<div class=\"elementor-widget-wrap elementor-element-populated\">\n\t\t\t\t\t\t<div class=\"elementor-element elementor-element-46e0454 elementor-widget elementor-widget-image\" data-id=\"46e0454\" data-element_type=\"widget\" data-e-type=\"widget\" data-widget_type=\"image.default\">\n\t\t\t\t<div class=\"elementor-widget-container\">\n\t\t\t\t\t\t\t\t\t\t\t\t\t\t\t<img fetchpriority=\"high\" decoding=\"async\" width=\"390\" height=\"540\" src=\"https:\/\/casalepozzuolo.it\/wp-content\/uploads\/2024\/02\/appartamenti-vacanze-dintori-borghi.jpg\" class=\"attachment-full size-full wp-image-3660\" alt=\"\" srcset=\"https:\/\/casalepozzuolo.it\/wp-content\/uploads\/2024\/02\/appartamenti-vacanze-dintori-borghi.jpg 390w, https:\/\/casalepozzuolo.it\/wp-content\/uploads\/2024\/02\/appartamenti-vacanze-dintori-borghi-217x300.jpg 217w\" sizes=\"(max-width: 390px) 100vw, 390px\" \/>\t\t\t\t\t\t\t\t\t\t\t\t\t\t\t<\/div>\n\t\t\t\t<\/div>\n\t\t\t\t\t<\/div>\n\t\t<\/div>\n\t\t\t\t<div class=\"elementor-column elementor-col-50 elementor-inner-column elementor-element elementor-element-9e38a58\" data-id=\"9e38a58\" data-element_type=\"column\" data-e-type=\"column\">\n\t\t\t<div class=\"elementor-widget-wrap elementor-element-populated\">\n\t\t\t\t\t\t<div class=\"elementor-element elementor-element-35ba45d elementor-widget elementor-widget-image\" data-id=\"35ba45d\" data-element_type=\"widget\" data-e-type=\"widget\" data-widget_type=\"image.default\">\n\t\t\t\t<div class=\"elementor-widget-container\">\n\t\t\t\t\t\t\t\t\t\t\t\t\t\t\t<img decoding=\"async\" width=\"390\" height=\"540\" src=\"https:\/\/casalepozzuolo.it\/wp-content\/uploads\/2024\/02\/appartamenti-vacanze-dintori-citta-d-arte.jpg\" class=\"attachment-full size-full wp-image-3663\" alt=\"\" srcset=\"https:\/\/casalepozzuolo.it\/wp-content\/uploads\/2024\/02\/appartamenti-vacanze-dintori-citta-d-arte.jpg 390w, https:\/\/casalepozzuolo.it\/wp-content\/uploads\/2024\/02\/appartamenti-vacanze-dintori-citta-d-arte-217x300.jpg 217w\" sizes=\"(max-width: 390px) 100vw, 390px\" \/>\t\t\t\t\t\t\t\t\t\t\t\t\t\t\t<\/div>\n\t\t\t\t<\/div>\n\t\t\t\t\t<\/div>\n\t\t<\/div>\n\t\t\t\t\t<\/div>\n\t\t<\/section>\n\t\t\t\t\t<\/div>\n\t\t<\/div>\n\t\t\t\t\t<\/div>\n\t\t<\/section>\n\t\t\t\t<\/div>\n\t\t","protected":false},"excerpt":{"rendered":"<p>Wohnung Monte Antico (2+2 Schlafpl\u00e4tze) Wohnung f\u00fcr 4 Personen im Erdgeschoss mit Zugang vom Esszimmer, ausgestattet mit TV und einem Doppel-Schlafsofa, einer K\u00fcchenzeile mit kleinem Elektroherd und einem Standk\u00fchlschrank mit Gefrierfach. Der Schlafbereich besteht aus einem Doppelzimmer + Schlafsessel (Ottoman) mit eigenem Bad und Dusche, in dem ein Zustellbett hinzugef\u00fcgt werden kann. Die Wohnung verf\u00fcgt [&hellip;]<\/p>\n","protected":false},"author":1,"featured_media":0,"parent":0,"menu_order":0,"comment_status":"closed","ping_status":"closed","template":"elementor_header_footer","meta":{"footnotes":""},"class_list":["post-7560","page","type-page","status-publish","hentry"],"_links":{"self":[{"href":"https:\/\/casalepozzuolo.it\/de\/wp-json\/wp\/v2\/pages\/7560","targetHints":{"allow":["GET"]}}],"collection":[{"href":"https:\/\/casalepozzuolo.it\/de\/wp-json\/wp\/v2\/pages"}],"about":[{"href":"https:\/\/casalepozzuolo.it\/de\/wp-json\/wp\/v2\/types\/page"}],"author":[{"embeddable":true,"href":"https:\/\/casalepozzuolo.it\/de\/wp-json\/wp\/v2\/users\/1"}],"replies":[{"embeddable":true,"href":"https:\/\/casalepozzuolo.it\/de\/wp-json\/wp\/v2\/comments?post=7560"}],"version-history":[{"count":5,"href":"https:\/\/casalepozzuolo.it\/de\/wp-json\/wp\/v2\/pages\/7560\/revisions"}],"predecessor-version":[{"id":8207,"href":"https:\/\/casalepozzuolo.it\/de\/wp-json\/wp\/v2\/pages\/7560\/revisions\/8207"}],"wp:attachment":[{"href":"https:\/\/casalepozzuolo.it\/de\/wp-json\/wp\/v2\/media?parent=7560"}],"curies":[{"name":"wp","href":"https:\/\/api.w.org\/{rel}","templated":true}]}}