{"id":5043,"date":"2024-01-02T15:38:16","date_gmt":"2024-01-02T14:38:16","guid":{"rendered":"https:\/\/casalepozzuolo.it\/banfi-wohnung\/"},"modified":"2026-03-20T18:28:10","modified_gmt":"2026-03-20T17:28:10","slug":"banfi-wohnung","status":"publish","type":"page","link":"https:\/\/casalepozzuolo.it\/de\/banfi-wohnung\/","title":{"rendered":"Banfi-Wohnung"},"content":{"rendered":"\t\t<div data-elementor-type=\"wp-page\" data-elementor-id=\"5043\" class=\"elementor elementor-5043 elementor-2517\" data-elementor-settings=\"{&quot;element_pack_global_tooltip_width&quot;:{&quot;unit&quot;:&quot;px&quot;,&quot;size&quot;:&quot;&quot;,&quot;sizes&quot;:[]},&quot;element_pack_global_tooltip_width_tablet&quot;:{&quot;unit&quot;:&quot;px&quot;,&quot;size&quot;:&quot;&quot;,&quot;sizes&quot;:[]},&quot;element_pack_global_tooltip_width_mobile&quot;:{&quot;unit&quot;:&quot;px&quot;,&quot;size&quot;:&quot;&quot;,&quot;sizes&quot;:[]},&quot;element_pack_global_tooltip_padding&quot;:{&quot;unit&quot;:&quot;px&quot;,&quot;top&quot;:&quot;&quot;,&quot;right&quot;:&quot;&quot;,&quot;bottom&quot;:&quot;&quot;,&quot;left&quot;:&quot;&quot;,&quot;isLinked&quot;:true},&quot;element_pack_global_tooltip_padding_tablet&quot;:{&quot;unit&quot;:&quot;px&quot;,&quot;top&quot;:&quot;&quot;,&quot;right&quot;:&quot;&quot;,&quot;bottom&quot;:&quot;&quot;,&quot;left&quot;:&quot;&quot;,&quot;isLinked&quot;:true},&quot;element_pack_global_tooltip_padding_mobile&quot;:{&quot;unit&quot;:&quot;px&quot;,&quot;top&quot;:&quot;&quot;,&quot;right&quot;:&quot;&quot;,&quot;bottom&quot;:&quot;&quot;,&quot;left&quot;:&quot;&quot;,&quot;isLinked&quot;:true},&quot;element_pack_global_tooltip_border_radius&quot;:{&quot;unit&quot;:&quot;px&quot;,&quot;top&quot;:&quot;&quot;,&quot;right&quot;:&quot;&quot;,&quot;bottom&quot;:&quot;&quot;,&quot;left&quot;:&quot;&quot;,&quot;isLinked&quot;:true},&quot;element_pack_global_tooltip_border_radius_tablet&quot;:{&quot;unit&quot;:&quot;px&quot;,&quot;top&quot;:&quot;&quot;,&quot;right&quot;:&quot;&quot;,&quot;bottom&quot;:&quot;&quot;,&quot;left&quot;:&quot;&quot;,&quot;isLinked&quot;:true},&quot;element_pack_global_tooltip_border_radius_mobile&quot;:{&quot;unit&quot;:&quot;px&quot;,&quot;top&quot;:&quot;&quot;,&quot;right&quot;:&quot;&quot;,&quot;bottom&quot;:&quot;&quot;,&quot;left&quot;:&quot;&quot;,&quot;isLinked&quot;:true}}\" data-elementor-post-type=\"page\">\n\t\t\t\t<div class=\"elementor-element elementor-element-7953a23 e-flex e-con-boxed e-con e-parent\" data-id=\"7953a23\" data-element_type=\"container\" data-e-type=\"container\" data-settings=\"{&quot;background_background&quot;:&quot;classic&quot;}\">\n\t\t\t\t\t<div class=\"e-con-inner\">\n\t\t<div class=\"elementor-element elementor-element-a28e873 e-con-full e-flex e-con e-child\" data-id=\"a28e873\" data-element_type=\"container\" data-e-type=\"container\" data-settings=\"{&quot;background_background&quot;:&quot;classic&quot;}\">\n\t\t<div class=\"elementor-element elementor-element-278181e e-con-full e-flex e-con e-child\" data-id=\"278181e\" data-element_type=\"container\" data-e-type=\"container\">\n\t\t<div class=\"elementor-element elementor-element-0060914 e-con-full e-flex e-con e-child\" data-id=\"0060914\" data-element_type=\"container\" data-e-type=\"container\">\n\t\t\t\t<\/div>\n\t\t\t\t<\/div>\n\t\t\t\t<\/div>\n\t\t\t\t\t<\/div>\n\t\t\t\t<\/div>\n\t\t<div class=\"elementor-element elementor-element-237c8b6 elementor-hidden-tablet e-flex e-con-boxed e-con e-parent\" data-id=\"237c8b6\" data-element_type=\"container\" data-e-type=\"container\">\n\t\t\t\t\t<div class=\"e-con-inner\">\n\t\t\t\t<div class=\"elementor-element elementor-element-053097e elementor-widget elementor-widget-shortcode\" data-id=\"053097e\" data-element_type=\"widget\" data-e-type=\"widget\" data-widget_type=\"shortcode.default\">\n\t\t\t\t<div class=\"elementor-widget-container\">\n\t\t\t\t\t\t\t<div class=\"elementor-shortcode\"><style>    #box-pren-xenion {        background-color: rgba(0,0,0,0.1);        padding-top: 10px;        padding-bottom: 22px;        padding-left: 10px;        padding-right: 6px;        position: relative;    }    @media (max-width: 991px) {        #box-pren-xenion {            padding-right: 10px;            padding-bottom: 3px;        }    }    @media (max-width: 991px) {        #box-pren-xenion .col-pren {            padding-right: 3px;            padding-bottom: 3px;        }    }    #box-pren-xenion .btn-search {        background-color: #4dab66;    }    @media (max-width: 991px) {        #box-pren-xenion .col-pren {            padding-top: 3px;        }    }{\n\/* insert here additional code *\/\n\n}<\/style><div id='box-pren-xenion' ng-app='xenMain' ng-controller='mainCtrl'><div class='bootstrap-xenion'><div class='col-md-12 title' ng-class=\"{'col-pren-active':elementwithfocus=='ci'}\" >Online-Reservierung<\/div><div class='clearfix'><\/div><div class='col-md-3 col-pren' ng-class=\"{'col-pren-active':elementwithfocus=='ci'}\" >    <input id='checkIn' autocomplete='off' type='text' placeholder='Check-in' class='form-control form-control-date input-text' ng-focus=\"focus('ci')\" ng-change='changeDate()' ng-model='prenotazione.dataDa' data-min-date='{{today}}' name='date' bs-datepicker><\/div><div class='col-md-3 col-pren' ng-class=\"{'col-pren-active':elementwithfocus=='co'}\" >    <input id='checkOut' autocomplete='off' type='text' placeholder='Check-out' class='form-control form-control-date input-text' ng-focus=\"focus('co')\" ng-change='changeDate()' ng-model='prenotazione.dataAl' name='date' bs-datepicker><\/div><div class='col-md-2 col-pren' ng-class=\"{'col-pren-active':elementwithfocus=='adulti'}\" >    <select ng-focus=\"focus('adulti')\" ng-model='prenotazione.numAdulti' class='form-control input-select'>        <option value='' selected>Erwachsene<\/option><option value='1'>1 erwachsene<\/option><option value='2'>2 erwachsene<\/option><option value='3'>3 erwachsene<\/option><option value='4'>4 erwachsene<\/option><option value='5'>5 erwachsene<\/option><option value='6'>6 erwachsene<\/option><option value='7'>7 erwachsene<\/option><option value='8'>8 erwachsene<\/option><option value='9'>9 erwachsene<\/option><option value='10'>10 erwachsene<\/option><option value='11'>11 erwachsene<\/option><option value='12'>12 erwachsene<\/option><option value='13'>13 erwachsene<\/option><option value='14'>14 erwachsene<\/option><option value='15'>15 erwachsene<\/option><option value='16'>16 erwachsene<\/option><option value='17'>17 erwachsene<\/option><option value='18'>18 erwachsene<\/option><option value='19'>19 erwachsene<\/option><option value='20'>20 erwachsene<\/option>    <\/select><\/div><div class='col-md-2 col-pren' ng-class=\"{'col-pren-active':elementwithfocus=='bambini'}\" >    <select ng-focus=\"focus('bambini')\" ng-model='prenotazione.numBambini' class='form-control input-select'>        <option value='' disabled selected>Kinder<\/option><option value='0'>0 kinder<\/option><option value='1'>1 baby<\/option><option value='2'>2 kinder<\/option><option value='3'>3 kinder<\/option><option value='4'>4 kinder<\/option><option value='5'>5 kinder<\/option><option value='6'>6 kinder<\/option><option value='7'>7 kinder<\/option><option value='8'>8 kinder<\/option><option value='9'>9 kinder<\/option><option value='10'>10 kinder<\/option><option value='11'>11 kinder<\/option><option value='12'>12 kinder<\/option><option value='13'>13 kinder<\/option><option value='14'>14 kinder<\/option><option value='15'>15 kinder<\/option>    <\/select><\/div><div class='col-xs-6 col-sm-3 col-md-2 col-search'>   <div ng-click='startSearch()' ng-disabled='prenotazione.dateOK==undefined' class='btn btn-sm btn-primary btn-search'>Suche<\/div><\/div><div class='clearfix'><\/div><div ng-cloak><\/div><div class='clearfix'><\/div><div class='col-md-12 powered-by'>powered by <a class='link-xenion' title='Il gestionale semplice per strutture ricettive' target='_new' href='https:\/\/www.xenion.it\/'><u>xenion<\/u><\/a><\/div><\/div><\/div><script>    __testDatePk = '0';<\/script><\/div>\n\t\t\t\t\t\t<\/div>\n\t\t\t\t<\/div>\n\t\t\t\t\t<\/div>\n\t\t\t\t<\/div>\n\t\t<div class=\"elementor-element elementor-element-074eb0d e-flex e-con-boxed e-con e-parent\" data-id=\"074eb0d\" data-element_type=\"container\" data-e-type=\"container\">\n\t\t\t\t\t<div class=\"e-con-inner\">\n\t\t<div class=\"elementor-element elementor-element-aad644f e-con-full e-flex e-con e-child\" data-id=\"aad644f\" data-element_type=\"container\" data-e-type=\"container\">\n\t\t\t\t<div class=\"elementor-element elementor-element-59a018f bdt-motion-effect-yes elementor-invisible elementor-widget elementor-widget-text-editor\" data-id=\"59a018f\" data-element_type=\"widget\" data-e-type=\"widget\" data-settings=\"{&quot;_animation&quot;:&quot;fadeInUp&quot;}\" data-widget_type=\"text-editor.default\">\n\t\t\t\t<div class=\"elementor-widget-container\">\n\t\t\t\t\t\t\t\t\t<p>Appartement Banfi <span style=\"font-size: 24px;\">(5+2 Betten) <\/span><\/p>\t\t\t\t\t\t\t\t<\/div>\n\t\t\t\t<\/div>\n\t\t\t\t<\/div>\n\t\t\t\t\t<\/div>\n\t\t\t\t<\/div>\n\t\t<div class=\"elementor-element elementor-element-4ee9b4b e-flex e-con-boxed e-con e-parent\" data-id=\"4ee9b4b\" data-element_type=\"container\" data-e-type=\"container\">\n\t\t\t\t\t<div class=\"e-con-inner\">\n\t\t<div class=\"elementor-element elementor-element-bf53378 e-con-full e-flex e-con e-child\" data-id=\"bf53378\" data-element_type=\"container\" data-e-type=\"container\">\n\t\t\t\t<div class=\"elementor-element elementor-element-7f3123b elementor-invisible elementor-widget elementor-widget-text-editor\" data-id=\"7f3123b\" data-element_type=\"widget\" data-e-type=\"widget\" data-settings=\"{&quot;_animation&quot;:&quot;fadeInUp&quot;}\" data-widget_type=\"text-editor.default\">\n\t\t\t\t<div class=\"elementor-widget-container\">\n\t\t\t\t\t\t\t\t\t<p>Gro\u00dfe Wohnung f\u00fcr 7 Personen im ersten Stock, bestehend aus K\u00fcche mit kleinem Elektroherd und 140lt K\u00fchlschrank; Die K\u00fcche ist durch einen Steinbogen vom Wohnzimmer mit Essbereich getrennt und mit einem TV und einem Doppelschlafsofa ausgestattet.<\/p>\t\t\t\t\t\t\t\t<\/div>\n\t\t\t\t<\/div>\n\t\t\t\t<div class=\"elementor-element elementor-element-7e047e4 elementor-invisible elementor-widget elementor-widget-text-editor\" data-id=\"7e047e4\" data-element_type=\"widget\" data-e-type=\"widget\" data-settings=\"{&quot;_animation&quot;:&quot;fadeInUp&quot;}\" data-widget_type=\"text-editor.default\">\n\t\t\t\t<div class=\"elementor-widget-container\">\n\t\t\t\t\t\t\t\t\t<p>Der Schlafbereich besteht aus einem Schlafzimmer mit Doppelbett + Pouf und eigenem Bad mit Fenster und Dusche und einem weiteren Schlafzimmer mit zwei Einzelbetten, eigenem Bad mit Fenster und Dusche. Die Wohnung wird durch eine wichtige Panoramaterrasse von ca. 30 m\u00b2 bereichert, die \u00fcberdacht und zum Essen ausgestattet ist. <\/p>\t\t\t\t\t\t\t\t<\/div>\n\t\t\t\t<\/div>\n\t\t\t\t<\/div>\n\t\t\t\t\t<\/div>\n\t\t\t\t<\/div>\n\t\t<div class=\"elementor-element elementor-element-32f9466 e-flex e-con-boxed e-con e-parent\" data-id=\"32f9466\" data-element_type=\"container\" data-e-type=\"container\">\n\t\t\t\t\t<div class=\"e-con-inner\">\n\t\t<div class=\"elementor-element elementor-element-b31331f e-con-full e-flex e-con e-child\" data-id=\"b31331f\" data-element_type=\"container\" data-e-type=\"container\">\n\t\t<div class=\"elementor-element elementor-element-774efc7 e-con-full e-flex e-con e-child\" data-id=\"774efc7\" data-element_type=\"container\" data-e-type=\"container\">\n\t\t<div class=\"elementor-element elementor-element-7c2423c e-con-full elementor-hidden-mobile e-flex e-con e-child\" data-id=\"7c2423c\" data-element_type=\"container\" data-e-type=\"container\">\n\t\t<div class=\"elementor-element elementor-element-282e664 e-con-full e-flex e-con e-child\" data-id=\"282e664\" data-element_type=\"container\" data-e-type=\"container\" data-settings=\"{&quot;background_background&quot;:&quot;classic&quot;,&quot;animation&quot;:&quot;none&quot;}\">\n\t\t<div class=\"elementor-element elementor-element-8b4235b e-con-full e-flex e-con e-child\" data-id=\"8b4235b\" data-element_type=\"container\" data-e-type=\"container\" data-settings=\"{&quot;background_background&quot;:&quot;classic&quot;}\">\n\t\t\t\t<div class=\"elementor-element elementor-element-674eb98 elementor-widget elementor-widget-heading\" data-id=\"674eb98\" data-element_type=\"widget\" data-e-type=\"widget\" data-widget_type=\"heading.default\">\n\t\t\t\t<div class=\"elementor-widget-container\">\n\t\t\t\t\t<h2 class=\"elementor-heading-title elementor-size-default\">Lage<\/h2>\t\t\t\t<\/div>\n\t\t\t\t<\/div>\n\t\t\t\t<div class=\"elementor-element elementor-element-a444c69 elementor-widget elementor-widget-text-editor\" data-id=\"a444c69\" data-element_type=\"widget\" data-e-type=\"widget\" data-widget_type=\"text-editor.default\">\n\t\t\t\t<div class=\"elementor-widget-container\">\n\t\t\t\t\t\t\t\t\t<div>Erster <span style=\"font-size: 24px;\">Stock<\/span><\/div><div style=\"margin-top: -10px;\"><span style=\"font-size: 18px;\">+terrasse 30 m\u00b2<\/span><\/div>\t\t\t\t\t\t\t\t<\/div>\n\t\t\t\t<\/div>\n\t\t\t\t<\/div>\n\t\t<div class=\"elementor-element elementor-element-c7b92c0 e-con-full e-flex e-con e-child\" data-id=\"c7b92c0\" data-element_type=\"container\" data-e-type=\"container\" data-settings=\"{&quot;background_background&quot;:&quot;classic&quot;}\">\n\t\t\t\t<div class=\"elementor-element elementor-element-d48de56 elementor-widget elementor-widget-heading\" data-id=\"d48de56\" data-element_type=\"widget\" data-e-type=\"widget\" data-widget_type=\"heading.default\">\n\t\t\t\t<div class=\"elementor-widget-container\">\n\t\t\t\t\t<h2 class=\"elementor-heading-title elementor-size-default\">Personen<\/h2>\t\t\t\t<\/div>\n\t\t\t\t<\/div>\n\t\t\t\t<div class=\"elementor-element elementor-element-7bc482d elementor-widget elementor-widget-text-editor\" data-id=\"7bc482d\" data-element_type=\"widget\" data-e-type=\"widget\" data-widget_type=\"text-editor.default\">\n\t\t\t\t<div class=\"elementor-widget-container\">\n\t\t\t\t\t\t\t\t\t<p>4+3 <span style=\"font-size: 24px;\">Schlafpl\u00e4tze<\/span><\/p>\t\t\t\t\t\t\t\t<\/div>\n\t\t\t\t<\/div>\n\t\t\t\t<\/div>\n\t\t<div class=\"elementor-element elementor-element-3d409d2 e-con-full e-flex e-con e-child\" data-id=\"3d409d2\" data-element_type=\"container\" data-e-type=\"container\" data-settings=\"{&quot;background_background&quot;:&quot;classic&quot;}\">\n\t\t\t\t<div class=\"elementor-element elementor-element-4300ee0 elementor-widget elementor-widget-heading\" data-id=\"4300ee0\" data-element_type=\"widget\" data-e-type=\"widget\" data-widget_type=\"heading.default\">\n\t\t\t\t<div class=\"elementor-widget-container\">\n\t\t\t\t\t<h2 class=\"elementor-heading-title elementor-size-default\">Schlafbereich<\/h2>\t\t\t\t<\/div>\n\t\t\t\t<\/div>\n\t\t\t\t<div class=\"elementor-element elementor-element-a7f0a9b elementor-widget elementor-widget-text-editor\" data-id=\"a7f0a9b\" data-element_type=\"widget\" data-e-type=\"widget\" data-widget_type=\"text-editor.default\">\n\t\t\t\t<div class=\"elementor-widget-container\">\n\t\t\t\t\t\t\t\t\t<p>2 <span style=\"font-size: 24px;\">Schlafzimmer<\/span><\/p>\t\t\t\t\t\t\t\t<\/div>\n\t\t\t\t<\/div>\n\t\t\t\t<\/div>\n\t\t<div class=\"elementor-element elementor-element-3543eda e-con-full e-flex e-con e-child\" data-id=\"3543eda\" data-element_type=\"container\" data-e-type=\"container\" data-settings=\"{&quot;background_background&quot;:&quot;classic&quot;}\">\n\t\t\t\t<div class=\"elementor-element elementor-element-83d31c2 elementor-widget elementor-widget-heading\" data-id=\"83d31c2\" data-element_type=\"widget\" data-e-type=\"widget\" data-widget_type=\"heading.default\">\n\t\t\t\t<div class=\"elementor-widget-container\">\n\t\t\t\t\t<h2 class=\"elementor-heading-title elementor-size-default\">Bagni<\/h2>\t\t\t\t<\/div>\n\t\t\t\t<\/div>\n\t\t\t\t<div class=\"elementor-element elementor-element-b6873a0 elementor-widget elementor-widget-text-editor\" data-id=\"b6873a0\" data-element_type=\"widget\" data-e-type=\"widget\" data-widget_type=\"text-editor.default\">\n\t\t\t\t<div class=\"elementor-widget-container\">\n\t\t\t\t\t\t\t\t\t<p>2 <span style=\"font-size: 24px;\">mit Dusche<\/span><\/p>\t\t\t\t\t\t\t\t<\/div>\n\t\t\t\t<\/div>\n\t\t\t\t<\/div>\n\t\t<div class=\"elementor-element elementor-element-aa71f33 e-con-full e-flex e-con e-child\" data-id=\"aa71f33\" data-element_type=\"container\" data-e-type=\"container\" data-settings=\"{&quot;background_background&quot;:&quot;classic&quot;}\">\n\t\t\t\t<div class=\"elementor-element elementor-element-d2a87d9 elementor-widget elementor-widget-text-editor\" data-id=\"d2a87d9\" data-element_type=\"widget\" data-e-type=\"widget\" data-widget_type=\"text-editor.default\">\n\t\t\t\t<div class=\"elementor-widget-container\">\n\t\t\t\t\t\t\t\t\t<p><span style=\"font-size: 24px;\">ab<\/span> \u20ac 240\/<span style=\"font-size: 24px;\">Nacht<\/span><\/p>\t\t\t\t\t\t\t\t<\/div>\n\t\t\t\t<\/div>\n\t\t\t\t<\/div>\n\t\t\t\t<\/div>\n\t\t\t\t<\/div>\n\t\t\t\t<\/div>\n\t\t\t\t<\/div>\n\t\t\t\t\t<\/div>\n\t\t\t\t<\/div>\n\t\t<div class=\"elementor-element elementor-element-d480832 e-flex e-con-boxed e-con e-parent\" data-id=\"d480832\" data-element_type=\"container\" data-e-type=\"container\">\n\t\t\t\t\t<div class=\"e-con-inner\">\n\t\t\t\t<div class=\"elementor-element elementor-element-149320a bdt-motion-effect-yes elementor-invisible elementor-widget elementor-widget-heading\" data-id=\"149320a\" data-element_type=\"widget\" data-e-type=\"widget\" data-settings=\"{&quot;_animation&quot;:&quot;fadeInUp&quot;}\" data-widget_type=\"heading.default\">\n\t\t\t\t<div class=\"elementor-widget-container\">\n\t\t\t\t\t<h2 class=\"elementor-heading-title elementor-size-default\">\u00dcberpr\u00fcfen Sie die Verf\u00fcgbarkeit der Wohnung Banfi<\/h2>\t\t\t\t<\/div>\n\t\t\t\t<\/div>\n\t\t\t\t<div class=\"elementor-element elementor-element-91e7caa elementor-invisible elementor-widget elementor-widget-text-editor\" data-id=\"91e7caa\" data-element_type=\"widget\" data-e-type=\"widget\" data-settings=\"{&quot;_animation&quot;:&quot;fadeInUp&quot;}\" data-widget_type=\"text-editor.default\">\n\t\t\t\t<div class=\"elementor-widget-container\">\n\t\t\t\t\t\t\t\t\t<p>\u00dcberpr\u00fcfen Sie in Echtzeit die Verf\u00fcgbarkeit der Wohnung Banfi und buchen Sie, um Ihre Daten f\u00fcr Ihren Aufenthalt im Casale Pozzuolo zu sichern.<\/p>\t\t\t\t\t\t\t\t<\/div>\n\t\t\t\t<\/div>\n\t\t\t\t<div class=\"elementor-element elementor-element-5e3ea7b elementor-align-center elementor-mobile-align-center elementor-hidden-mobile elementor-widget elementor-widget-button\" data-id=\"5e3ea7b\" data-element_type=\"widget\" data-e-type=\"widget\" data-widget_type=\"button.default\">\n\t\t\t\t<div class=\"elementor-widget-container\">\n\t\t\t\t\t\t\t\t\t<div class=\"elementor-button-wrapper\">\n\t\t\t\t\t<a class=\"elementor-button elementor-button-link elementor-size-md\" href=\"https:\/\/casalepozzuolo.it\/de\/buchung-banfi\/\" target=\"_blank\">\n\t\t\t\t\t\t<span class=\"elementor-button-content-wrapper\">\n\t\t\t\t\t\t\t\t\t<span class=\"elementor-button-text\">Klicken Sie hier und \u00fcberpr\u00fcfen Sie die Verf\u00fcgbarkeit<\/span>\n\t\t\t\t\t<\/span>\n\t\t\t\t\t<\/a>\n\t\t\t\t<\/div>\n\t\t\t\t\t\t\t\t<\/div>\n\t\t\t\t<\/div>\n\t\t\t\t\t<\/div>\n\t\t\t\t<\/div>\n\t\t\t\t<section class=\"elementor-section elementor-top-section elementor-element elementor-element-a5542c6 elementor-section-height-min-height bdt-particles-yes elementor-section-boxed elementor-section-height-default elementor-section-items-middle\" data-id=\"a5542c6\" data-element_type=\"section\" data-e-type=\"section\" data-settings=\"{&quot;background_background&quot;:&quot;classic&quot;,&quot;section_particles_on&quot;:&quot;yes&quot;}\">\n\t\t\t\t\t\t<div class=\"elementor-container elementor-column-gap-default\">\n\t\t\t\t\t<div class=\"elementor-column elementor-col-100 elementor-top-column elementor-element elementor-element-7fdf04c\" data-id=\"7fdf04c\" data-element_type=\"column\" data-e-type=\"column\" data-settings=\"{&quot;background_background&quot;:&quot;classic&quot;}\">\n\t\t\t<div class=\"elementor-widget-wrap elementor-element-populated\">\n\t\t\t\t\t\t<div class=\"elementor-element elementor-element-959487e elementor-widget elementor-widget-spacer\" data-id=\"959487e\" data-element_type=\"widget\" data-e-type=\"widget\" data-widget_type=\"spacer.default\">\n\t\t\t\t<div class=\"elementor-widget-container\">\n\t\t\t\t\t\t\t<div class=\"elementor-spacer\">\n\t\t\t<div class=\"elementor-spacer-inner\"><\/div>\n\t\t<\/div>\n\t\t\t\t\t\t<\/div>\n\t\t\t\t<\/div>\n\t\t\t\t\t<\/div>\n\t\t<\/div>\n\t\t\t\t\t<\/div>\n\t\t<\/section>\n\t\t\t\t<section class=\"elementor-section elementor-top-section elementor-element elementor-element-5e247fe elementor-section-boxed elementor-section-height-default elementor-section-height-default\" data-id=\"5e247fe\" data-element_type=\"section\" data-e-type=\"section\">\n\t\t\t\t\t\t<div class=\"elementor-container elementor-column-gap-default\">\n\t\t\t\t\t<div class=\"elementor-column elementor-col-100 elementor-top-column elementor-element elementor-element-be43c4e\" data-id=\"be43c4e\" data-element_type=\"column\" data-e-type=\"column\">\n\t\t\t<div class=\"elementor-widget-wrap elementor-element-populated\">\n\t\t\t\t\t\t<div class=\"elementor-element elementor-element-8b141ef elementor-invisible elementor-widget elementor-widget-heading\" data-id=\"8b141ef\" data-element_type=\"widget\" data-e-type=\"widget\" data-settings=\"{&quot;_animation&quot;:&quot;fadeInUp&quot;}\" data-widget_type=\"heading.default\">\n\t\t\t\t<div class=\"elementor-widget-container\">\n\t\t\t\t\t<h2 class=\"elementor-heading-title elementor-size-default\">Urlaub in Casale Pozzuolo<\/h2>\t\t\t\t<\/div>\n\t\t\t\t<\/div>\n\t\t\t\t<div class=\"elementor-element elementor-element-12df2b4 elementor-invisible elementor-widget elementor-widget-image\" data-id=\"12df2b4\" data-element_type=\"widget\" data-e-type=\"widget\" data-settings=\"{&quot;_animation&quot;:&quot;fadeInUp&quot;}\" data-widget_type=\"image.default\">\n\t\t\t\t<div class=\"elementor-widget-container\">\n\t\t\t\t\t\t\t\t\t\t\t\t\t\t\t<img decoding=\"async\" width=\"124\" height=\"55\" src=\"https:\/\/casalepozzuolo.it\/wp-content\/uploads\/2025\/05\/casale-pozzuolo-under-title.png\" class=\"attachment-full size-full wp-image-7014\" alt=\"\" \/>\t\t\t\t\t\t\t\t\t\t\t\t\t\t\t<\/div>\n\t\t\t\t<\/div>\n\t\t\t\t<section class=\"elementor-section elementor-inner-section elementor-element elementor-element-3f0ab09 elementor-section-boxed elementor-section-height-default elementor-section-height-default\" data-id=\"3f0ab09\" data-element_type=\"section\" data-e-type=\"section\">\n\t\t\t\t\t\t<div class=\"elementor-container elementor-column-gap-default\">\n\t\t\t\t\t<div class=\"elementor-column elementor-col-50 elementor-inner-column elementor-element elementor-element-4a187b9\" data-id=\"4a187b9\" data-element_type=\"column\" data-e-type=\"column\">\n\t\t\t<div class=\"elementor-widget-wrap elementor-element-populated\">\n\t\t\t\t\t\t<div class=\"elementor-element elementor-element-6335025 elementor-widget elementor-widget-image\" data-id=\"6335025\" data-element_type=\"widget\" data-e-type=\"widget\" data-widget_type=\"image.default\">\n\t\t\t\t<div class=\"elementor-widget-container\">\n\t\t\t\t\t\t\t\t\t\t\t\t\t\t\t<img fetchpriority=\"high\" decoding=\"async\" width=\"390\" height=\"540\" src=\"https:\/\/casalepozzuolo.it\/wp-content\/uploads\/2024\/02\/appartamenti-vacanze-dintori-borghi.jpg\" class=\"attachment-full size-full wp-image-3660\" alt=\"\" srcset=\"https:\/\/casalepozzuolo.it\/wp-content\/uploads\/2024\/02\/appartamenti-vacanze-dintori-borghi.jpg 390w, https:\/\/casalepozzuolo.it\/wp-content\/uploads\/2024\/02\/appartamenti-vacanze-dintori-borghi-217x300.jpg 217w\" sizes=\"(max-width: 390px) 100vw, 390px\" \/>\t\t\t\t\t\t\t\t\t\t\t\t\t\t\t<\/div>\n\t\t\t\t<\/div>\n\t\t\t\t\t<\/div>\n\t\t<\/div>\n\t\t\t\t<div class=\"elementor-column elementor-col-50 elementor-inner-column elementor-element elementor-element-cbc33d5\" data-id=\"cbc33d5\" data-element_type=\"column\" data-e-type=\"column\">\n\t\t\t<div class=\"elementor-widget-wrap elementor-element-populated\">\n\t\t\t\t\t\t<div class=\"elementor-element elementor-element-a37e0a6 elementor-widget elementor-widget-image\" data-id=\"a37e0a6\" data-element_type=\"widget\" data-e-type=\"widget\" data-widget_type=\"image.default\">\n\t\t\t\t<div class=\"elementor-widget-container\">\n\t\t\t\t\t\t\t\t\t\t\t\t\t\t\t<img decoding=\"async\" width=\"390\" height=\"540\" src=\"https:\/\/casalepozzuolo.it\/wp-content\/uploads\/2024\/02\/appartamenti-vacanze-dintori-citta-d-arte.jpg\" class=\"attachment-full size-full wp-image-3663\" alt=\"\" srcset=\"https:\/\/casalepozzuolo.it\/wp-content\/uploads\/2024\/02\/appartamenti-vacanze-dintori-citta-d-arte.jpg 390w, https:\/\/casalepozzuolo.it\/wp-content\/uploads\/2024\/02\/appartamenti-vacanze-dintori-citta-d-arte-217x300.jpg 217w\" sizes=\"(max-width: 390px) 100vw, 390px\" \/>\t\t\t\t\t\t\t\t\t\t\t\t\t\t\t<\/div>\n\t\t\t\t<\/div>\n\t\t\t\t\t<\/div>\n\t\t<\/div>\n\t\t\t\t\t<\/div>\n\t\t<\/section>\n\t\t\t\t\t<\/div>\n\t\t<\/div>\n\t\t\t\t\t<\/div>\n\t\t<\/section>\n\t\t\t\t<\/div>\n\t\t","protected":false},"excerpt":{"rendered":"<p>Appartement Banfi (5+2 Betten) Gro\u00dfe Wohnung f\u00fcr 7 Personen im ersten Stock, bestehend aus K\u00fcche mit kleinem Elektroherd und 140lt K\u00fchlschrank; Die K\u00fcche ist durch einen Steinbogen vom Wohnzimmer mit Essbereich getrennt und mit einem TV und einem Doppelschlafsofa ausgestattet. Der Schlafbereich besteht aus einem Schlafzimmer mit Doppelbett + Pouf und eigenem Bad mit Fenster [&hellip;]<\/p>\n","protected":false},"author":1,"featured_media":0,"parent":0,"menu_order":0,"comment_status":"closed","ping_status":"closed","template":"elementor_header_footer","meta":{"footnotes":""},"class_list":["post-5043","page","type-page","status-publish","hentry"],"_links":{"self":[{"href":"https:\/\/casalepozzuolo.it\/de\/wp-json\/wp\/v2\/pages\/5043","targetHints":{"allow":["GET"]}}],"collection":[{"href":"https:\/\/casalepozzuolo.it\/de\/wp-json\/wp\/v2\/pages"}],"about":[{"href":"https:\/\/casalepozzuolo.it\/de\/wp-json\/wp\/v2\/types\/page"}],"author":[{"embeddable":true,"href":"https:\/\/casalepozzuolo.it\/de\/wp-json\/wp\/v2\/users\/1"}],"replies":[{"embeddable":true,"href":"https:\/\/casalepozzuolo.it\/de\/wp-json\/wp\/v2\/comments?post=5043"}],"version-history":[{"count":8,"href":"https:\/\/casalepozzuolo.it\/de\/wp-json\/wp\/v2\/pages\/5043\/revisions"}],"predecessor-version":[{"id":8183,"href":"https:\/\/casalepozzuolo.it\/de\/wp-json\/wp\/v2\/pages\/5043\/revisions\/8183"}],"wp:attachment":[{"href":"https:\/\/casalepozzuolo.it\/de\/wp-json\/wp\/v2\/media?parent=5043"}],"curies":[{"name":"wp","href":"https:\/\/api.w.org\/{rel}","templated":true}]}}