{"id":4998,"date":"2024-01-20T12:58:51","date_gmt":"2024-01-20T11:58:51","guid":{"rendered":"https:\/\/casalepozzuolo.it\/pisa\/"},"modified":"2026-03-21T07:05:36","modified_gmt":"2026-03-21T06:05:36","slug":"pisa","status":"publish","type":"page","link":"https:\/\/casalepozzuolo.it\/de\/pisa\/","title":{"rendered":"Pisa"},"content":{"rendered":"\t\t<div data-elementor-type=\"wp-page\" data-elementor-id=\"4998\" class=\"elementor elementor-4998 elementor-2642\" data-elementor-settings=\"{&quot;element_pack_global_tooltip_width&quot;:{&quot;unit&quot;:&quot;px&quot;,&quot;size&quot;:&quot;&quot;,&quot;sizes&quot;:[]},&quot;element_pack_global_tooltip_width_tablet&quot;:{&quot;unit&quot;:&quot;px&quot;,&quot;size&quot;:&quot;&quot;,&quot;sizes&quot;:[]},&quot;element_pack_global_tooltip_width_mobile&quot;:{&quot;unit&quot;:&quot;px&quot;,&quot;size&quot;:&quot;&quot;,&quot;sizes&quot;:[]},&quot;element_pack_global_tooltip_padding&quot;:{&quot;unit&quot;:&quot;px&quot;,&quot;top&quot;:&quot;&quot;,&quot;right&quot;:&quot;&quot;,&quot;bottom&quot;:&quot;&quot;,&quot;left&quot;:&quot;&quot;,&quot;isLinked&quot;:true},&quot;element_pack_global_tooltip_padding_tablet&quot;:{&quot;unit&quot;:&quot;px&quot;,&quot;top&quot;:&quot;&quot;,&quot;right&quot;:&quot;&quot;,&quot;bottom&quot;:&quot;&quot;,&quot;left&quot;:&quot;&quot;,&quot;isLinked&quot;:true},&quot;element_pack_global_tooltip_padding_mobile&quot;:{&quot;unit&quot;:&quot;px&quot;,&quot;top&quot;:&quot;&quot;,&quot;right&quot;:&quot;&quot;,&quot;bottom&quot;:&quot;&quot;,&quot;left&quot;:&quot;&quot;,&quot;isLinked&quot;:true},&quot;element_pack_global_tooltip_border_radius&quot;:{&quot;unit&quot;:&quot;px&quot;,&quot;top&quot;:&quot;&quot;,&quot;right&quot;:&quot;&quot;,&quot;bottom&quot;:&quot;&quot;,&quot;left&quot;:&quot;&quot;,&quot;isLinked&quot;:true},&quot;element_pack_global_tooltip_border_radius_tablet&quot;:{&quot;unit&quot;:&quot;px&quot;,&quot;top&quot;:&quot;&quot;,&quot;right&quot;:&quot;&quot;,&quot;bottom&quot;:&quot;&quot;,&quot;left&quot;:&quot;&quot;,&quot;isLinked&quot;:true},&quot;element_pack_global_tooltip_border_radius_mobile&quot;:{&quot;unit&quot;:&quot;px&quot;,&quot;top&quot;:&quot;&quot;,&quot;right&quot;:&quot;&quot;,&quot;bottom&quot;:&quot;&quot;,&quot;left&quot;:&quot;&quot;,&quot;isLinked&quot;:true}}\" data-elementor-post-type=\"page\">\n\t\t\t\t\t\t<section class=\"elementor-section elementor-top-section elementor-element elementor-element-c7d53b0 elementor-section-full_width elementor-section-height-min-height elementor-section-height-default elementor-section-items-middle\" data-id=\"c7d53b0\" data-element_type=\"section\" data-e-type=\"section\" data-settings=\"{&quot;background_background&quot;:&quot;classic&quot;}\">\n\t\t\t\t\t\t<div class=\"elementor-container elementor-column-gap-default\">\n\t\t\t\t\t<div class=\"elementor-column elementor-col-100 elementor-top-column elementor-element elementor-element-8f27e44\" data-id=\"8f27e44\" data-element_type=\"column\" data-e-type=\"column\" data-settings=\"{&quot;background_background&quot;:&quot;classic&quot;}\">\n\t\t\t<div class=\"elementor-widget-wrap elementor-element-populated\">\n\t\t\t\t\t\t<section class=\"elementor-section elementor-inner-section elementor-element elementor-element-bab91fe elementor-section-boxed elementor-section-height-default elementor-section-height-default\" data-id=\"bab91fe\" data-element_type=\"section\" data-e-type=\"section\">\n\t\t\t\t\t\t<div class=\"elementor-container elementor-column-gap-default\">\n\t\t\t\t\t<div class=\"elementor-column elementor-col-100 elementor-inner-column elementor-element elementor-element-ff0e079\" data-id=\"ff0e079\" data-element_type=\"column\" data-e-type=\"column\">\n\t\t\t<div class=\"elementor-widget-wrap elementor-element-populated\">\n\t\t\t\t\t\t<div class=\"elementor-element elementor-element-4706b35 elementor-widget elementor-widget-heading\" data-id=\"4706b35\" data-element_type=\"widget\" data-e-type=\"widget\" data-widget_type=\"heading.default\">\n\t\t\t\t<div class=\"elementor-widget-container\">\n\t\t\t\t\t<h2 class=\"elementor-heading-title elementor-size-default\">Pisa<\/h2>\t\t\t\t<\/div>\n\t\t\t\t<\/div>\n\t\t\t\t\t<\/div>\n\t\t<\/div>\n\t\t\t\t\t<\/div>\n\t\t<\/section>\n\t\t\t\t\t<\/div>\n\t\t<\/div>\n\t\t\t\t\t<\/div>\n\t\t<\/section>\n\t\t<div class=\"elementor-element elementor-element-6a42a8d elementor-hidden-tablet e-flex e-con-boxed e-con e-parent\" data-id=\"6a42a8d\" data-element_type=\"container\" data-e-type=\"container\">\n\t\t\t\t\t<div class=\"e-con-inner\">\n\t\t\t\t<div class=\"elementor-element elementor-element-d7f22da elementor-widget elementor-widget-shortcode\" data-id=\"d7f22da\" data-element_type=\"widget\" data-e-type=\"widget\" data-widget_type=\"shortcode.default\">\n\t\t\t\t<div class=\"elementor-widget-container\">\n\t\t\t\t\t\t\t<div class=\"elementor-shortcode\"><style>    #box-pren-xenion {        background-color: rgba(0,0,0,0.1);        padding-top: 10px;        padding-bottom: 22px;        padding-left: 10px;        padding-right: 6px;        position: relative;    }    @media (max-width: 991px) {        #box-pren-xenion {            padding-right: 10px;            padding-bottom: 3px;        }    }    @media (max-width: 991px) {        #box-pren-xenion .col-pren {            padding-right: 3px;            padding-bottom: 3px;        }    }    #box-pren-xenion .btn-search {        background-color: #4dab66;    }    @media (max-width: 991px) {        #box-pren-xenion .col-pren {            padding-top: 3px;        }    }{\n\/* insert here additional code *\/\n\n}<\/style><div id='box-pren-xenion' ng-app='xenMain' ng-controller='mainCtrl'><div class='bootstrap-xenion'><div class='col-md-12 title' ng-class=\"{'col-pren-active':elementwithfocus=='ci'}\" >Online-Reservierung<\/div><div class='clearfix'><\/div><div class='col-md-3 col-pren' ng-class=\"{'col-pren-active':elementwithfocus=='ci'}\" >    <input id='checkIn' autocomplete='off' type='text' placeholder='Check-in' class='form-control form-control-date input-text' ng-focus=\"focus('ci')\" ng-change='changeDate()' ng-model='prenotazione.dataDa' data-min-date='{{today}}' name='date' bs-datepicker><\/div><div class='col-md-3 col-pren' ng-class=\"{'col-pren-active':elementwithfocus=='co'}\" >    <input id='checkOut' autocomplete='off' type='text' placeholder='Check-out' class='form-control form-control-date input-text' ng-focus=\"focus('co')\" ng-change='changeDate()' ng-model='prenotazione.dataAl' name='date' bs-datepicker><\/div><div class='col-md-2 col-pren' ng-class=\"{'col-pren-active':elementwithfocus=='adulti'}\" >    <select ng-focus=\"focus('adulti')\" ng-model='prenotazione.numAdulti' class='form-control input-select'>        <option value='' selected>Erwachsene<\/option><option value='1'>1 erwachsene<\/option><option value='2'>2 erwachsene<\/option><option value='3'>3 erwachsene<\/option><option value='4'>4 erwachsene<\/option><option value='5'>5 erwachsene<\/option><option value='6'>6 erwachsene<\/option><option value='7'>7 erwachsene<\/option><option value='8'>8 erwachsene<\/option><option value='9'>9 erwachsene<\/option><option value='10'>10 erwachsene<\/option><option value='11'>11 erwachsene<\/option><option value='12'>12 erwachsene<\/option><option value='13'>13 erwachsene<\/option><option value='14'>14 erwachsene<\/option><option value='15'>15 erwachsene<\/option><option value='16'>16 erwachsene<\/option><option value='17'>17 erwachsene<\/option><option value='18'>18 erwachsene<\/option><option value='19'>19 erwachsene<\/option><option value='20'>20 erwachsene<\/option>    <\/select><\/div><div class='col-md-2 col-pren' ng-class=\"{'col-pren-active':elementwithfocus=='bambini'}\" >    <select ng-focus=\"focus('bambini')\" ng-model='prenotazione.numBambini' class='form-control input-select'>        <option value='' disabled selected>Kinder<\/option><option value='0'>0 kinder<\/option><option value='1'>1 baby<\/option><option value='2'>2 kinder<\/option><option value='3'>3 kinder<\/option><option value='4'>4 kinder<\/option><option value='5'>5 kinder<\/option><option value='6'>6 kinder<\/option><option value='7'>7 kinder<\/option><option value='8'>8 kinder<\/option><option value='9'>9 kinder<\/option><option value='10'>10 kinder<\/option><option value='11'>11 kinder<\/option><option value='12'>12 kinder<\/option><option value='13'>13 kinder<\/option><option value='14'>14 kinder<\/option><option value='15'>15 kinder<\/option>    <\/select><\/div><div class='col-xs-6 col-sm-3 col-md-2 col-search'>   <div ng-click='startSearch()' ng-disabled='prenotazione.dateOK==undefined' class='btn btn-sm btn-primary btn-search'>Suche<\/div><\/div><div class='clearfix'><\/div><div ng-cloak><\/div><div class='clearfix'><\/div><div class='col-md-12 powered-by'>powered by <a class='link-xenion' title='Il gestionale semplice per strutture ricettive' target='_new' href='https:\/\/www.xenion.it\/'><u>xenion<\/u><\/a><\/div><\/div><\/div><script>    __testDatePk = '0';<\/script><\/div>\n\t\t\t\t\t\t<\/div>\n\t\t\t\t<\/div>\n\t\t\t\t\t<\/div>\n\t\t\t\t<\/div>\n\t\t\t\t<section class=\"elementor-section elementor-top-section elementor-element elementor-element-2fe584b elementor-section-boxed elementor-section-height-default elementor-section-height-default\" data-id=\"2fe584b\" data-element_type=\"section\" data-e-type=\"section\">\n\t\t\t\t\t\t<div class=\"elementor-container elementor-column-gap-default\">\n\t\t\t\t\t<div class=\"elementor-column elementor-col-100 elementor-top-column elementor-element elementor-element-cc14a5f\" data-id=\"cc14a5f\" data-element_type=\"column\" data-e-type=\"column\">\n\t\t\t<div class=\"elementor-widget-wrap elementor-element-populated\">\n\t\t\t\t\t\t<div class=\"elementor-element elementor-element-898aecd bdt-motion-effect-yes elementor-invisible elementor-widget elementor-widget-heading\" data-id=\"898aecd\" data-element_type=\"widget\" data-e-type=\"widget\" data-settings=\"{&quot;_animation&quot;:&quot;fadeInUp&quot;}\" data-widget_type=\"heading.default\">\n\t\t\t\t<div class=\"elementor-widget-container\">\n\t\t\t\t\t<h2 class=\"elementor-heading-title elementor-size-default\">Pisa: Geschichte, Kunst und verborgene Sch\u00e4tze<\/h2>\t\t\t\t<\/div>\n\t\t\t\t<\/div>\n\t\t\t\t<div class=\"elementor-element elementor-element-aaaeb5d elementor-invisible elementor-widget elementor-widget-image\" data-id=\"aaaeb5d\" data-element_type=\"widget\" data-e-type=\"widget\" data-settings=\"{&quot;_animation&quot;:&quot;fadeInUp&quot;}\" data-widget_type=\"image.default\">\n\t\t\t\t<div class=\"elementor-widget-container\">\n\t\t\t\t\t\t\t\t\t\t\t\t\t\t\t<img decoding=\"async\" width=\"122\" height=\"52\" src=\"https:\/\/casalepozzuolo.it\/wp-content\/uploads\/2023\/02\/casale-under-title.gif\" class=\"attachment-full size-full wp-image-157\" alt=\"\" \/>\t\t\t\t\t\t\t\t\t\t\t\t\t\t\t<\/div>\n\t\t\t\t<\/div>\n\t\t\t\t<section class=\"elementor-section elementor-inner-section elementor-element elementor-element-478ed0c elementor-section-boxed elementor-section-height-default elementor-section-height-default\" data-id=\"478ed0c\" data-element_type=\"section\" data-e-type=\"section\">\n\t\t\t\t\t\t<div class=\"elementor-container elementor-column-gap-default\">\n\t\t\t\t\t<div class=\"elementor-column elementor-col-100 elementor-inner-column elementor-element elementor-element-c4532a5\" data-id=\"c4532a5\" data-element_type=\"column\" data-e-type=\"column\">\n\t\t\t<div class=\"elementor-widget-wrap elementor-element-populated\">\n\t\t\t\t\t\t<div class=\"elementor-element elementor-element-bb63e35 elementor-invisible elementor-widget elementor-widget-text-editor\" data-id=\"bb63e35\" data-element_type=\"widget\" data-e-type=\"widget\" data-settings=\"{&quot;_animation&quot;:&quot;fadeInUp&quot;}\" data-widget_type=\"text-editor.default\">\n\t\t\t\t<div class=\"elementor-widget-container\">\n\t\t\t\t\t\t\t\t\t<p>Pisa ist eine der sch\u00f6nsten italienischen Kunstst\u00e4dte, die auf der ganzen Welt f\u00fcr ihren Schiefen Turm ber\u00fchmt ist. Doch neben diesem ber\u00fchmten Monument verbirgt die Stadt noch viele andere Sch\u00e4tze, die es zu entdecken gilt. <\/p>\n\t\t\t\t\t\t\t\t<\/div>\n\t\t\t\t<\/div>\n\t\t\t\t<div class=\"elementor-element elementor-element-0cd749c elementor-invisible elementor-widget elementor-widget-heading\" data-id=\"0cd749c\" data-element_type=\"widget\" data-e-type=\"widget\" data-settings=\"{&quot;_animation&quot;:&quot;fadeInUp&quot;}\" data-widget_type=\"heading.default\">\n\t\t\t\t<div class=\"elementor-widget-container\">\n\t\t\t\t\t<h2 class=\"elementor-heading-title elementor-size-default\">Eine der sch\u00f6nsten Kunstst\u00e4dte Italiens<\/h2>\t\t\t\t<\/div>\n\t\t\t\t<\/div>\n\t\t\t\t<div class=\"elementor-element elementor-element-7113355 elementor-invisible elementor-widget elementor-widget-text-editor\" data-id=\"7113355\" data-element_type=\"widget\" data-e-type=\"widget\" data-settings=\"{&quot;_animation&quot;:&quot;fadeInUp&quot;}\" data-widget_type=\"text-editor.default\">\n\t\t\t\t<div class=\"elementor-widget-container\">\n\t\t\t\t\t\t\t\t\t<p>Pisa ist eine der sch\u00f6nsten und ber\u00fchmtesten italienischen Kunstst\u00e4dte der Welt. Diese Stadt in der Toskana ist vor allem f\u00fcr ihren ber\u00fchmten Schiefen Turm bekannt, aber sie bietet noch viel mehr. Pisa verf\u00fcgt \u00fcber ein historisches und k\u00fcnstlerisches Erbe von unsch\u00e4tzbarem Wert, das bis in die R\u00f6merzeit und das Mittelalter zur\u00fcckreicht. Zu den bekanntesten Sehensw\u00fcrdigkeiten geh\u00f6ren die Kathedrale Santa Maria Assunta, das Baptisterium und der monumentale Friedhof. Neben den Denkm\u00e4lern ist es auch eine Universit\u00e4tsstadt mit einem lebendigen Kulturleben und einer jugendlichen Atmosph\u00e4re. Die Stadt ist leicht zu Fu\u00df zu erkunden, so dass Touristen die Sch\u00f6nheit ihrer mittelalterlichen Stra\u00dfen, Br\u00fccken und Kan\u00e4le bewundern k\u00f6nnen. Pisa ist wirklich eine der sch\u00f6nsten St\u00e4dte Italiens, die es wert ist, besucht zu werden.      <\/p>\n\t\t\t\t\t\t\t\t<\/div>\n\t\t\t\t<\/div>\n\t\t\t\t<div class=\"elementor-element elementor-element-b575997 elementor-invisible elementor-widget elementor-widget-heading\" data-id=\"b575997\" data-element_type=\"widget\" data-e-type=\"widget\" data-settings=\"{&quot;_animation&quot;:&quot;fadeInUp&quot;}\" data-widget_type=\"heading.default\">\n\t\t\t\t<div class=\"elementor-widget-container\">\n\t\t\t\t\t<h2 class=\"elementor-heading-title elementor-size-default\">Die verborgenen Sch\u00e4tze von Pisa: Was es jenseits des Schiefen Turms zu sehen gibt<\/h2>\t\t\t\t<\/div>\n\t\t\t\t<\/div>\n\t\t\t\t<div class=\"elementor-element elementor-element-84a1e3d elementor-invisible elementor-widget elementor-widget-text-editor\" data-id=\"84a1e3d\" data-element_type=\"widget\" data-e-type=\"widget\" data-settings=\"{&quot;_animation&quot;:&quot;fadeInUp&quot;}\" data-widget_type=\"text-editor.default\">\n\t\t\t\t<div class=\"elementor-widget-container\">\n\t\t\t\t\t\t\t\t\t<p>Neben dem ber\u00fchmten Schiefen Turm gibt es in Pisa zahlreiche verborgene Sch\u00e4tze zu entdecken. Einer davon ist der botanische Garten seiner Universit\u00e4t, der sich in der N\u00e4he des Flusses Arno befindet und 1543 gegr\u00fcndet wurde. Der Garten beherbergt eine gro\u00dfe Auswahl an exotischen Pflanzen und B\u00e4umen aus der ganzen Welt sowie einige einheimische Arten der Toskana. Ein weiteres verstecktes Juwel ist die Kirche Santa Maria della Spina, die sich am Ufer des Flusses Arno befindet. Die gotische Kirche verf\u00fcgt \u00fcber eine aufwendige Fassade, die mit kunstvoll gearbeiteten Skulpturen und T\u00fcrmen verziert ist. Geschichtsinteressierte k\u00f6nnen schlie\u00dflich den Palazzo Blu besuchen, ein Museum, das tempor\u00e4re und permanente Ausstellungen \u00fcber die Geschichte und Kunst von Pisa und der Toskana beherbergt.     <\/p>\n\t\t\t\t\t\t\t\t<\/div>\n\t\t\t\t<\/div>\n\t\t\t\t<div class=\"elementor-element elementor-element-9466f3d elementor-invisible elementor-widget elementor-widget-heading\" data-id=\"9466f3d\" data-element_type=\"widget\" data-e-type=\"widget\" data-settings=\"{&quot;_animation&quot;:&quot;fadeInUp&quot;}\" data-widget_type=\"heading.default\">\n\t\t\t\t<div class=\"elementor-widget-container\">\n\t\t\t\t\t<h2 class=\"elementor-heading-title elementor-size-default\">Geschichte und die ber\u00fchmtesten Denkm\u00e4ler<\/h2>\t\t\t\t<\/div>\n\t\t\t\t<\/div>\n\t\t\t\t<div class=\"elementor-element elementor-element-9d5323b elementor-invisible elementor-widget elementor-widget-text-editor\" data-id=\"9d5323b\" data-element_type=\"widget\" data-e-type=\"widget\" data-settings=\"{&quot;_animation&quot;:&quot;fadeInUp&quot;}\" data-widget_type=\"text-editor.default\">\n\t\t\t\t<div class=\"elementor-widget-container\">\n\t\t\t\t\t\t\t\t\t<p>Die Geschichte von Pisa ist voller Charme und seine ber\u00fchmtesten Denkm\u00e4ler zeugen davon. Eines der Wahrzeichen der Stadt ist zweifellos der Schiefe Turm, der auf der ganzen Welt f\u00fcr seine charakteristische Neigung bekannt ist. Dieser Glockenturm ist Teil des Komplexes der Kathedrale von Pisa, einem weiteren wichtigen Monument aus dem 12. Jahrhundert. Die Kathedrale hat einen pr\u00e4chtigen pisanischen romanischen Stil und im Inneren k\u00f6nnen Sie Kunstwerke von gro\u00dfem Wert bewundern. Ein weiteres bedeutendes Denkmal ist das Baptisterium, das f\u00fcr seine au\u00dfergew\u00f6hnliche Akustik ber\u00fchmt ist. Schlie\u00dflich d\u00fcrfen wir den Monumentalfriedhof nicht vergessen, einen monumentalen Friedhof mit Fresken und Skulpturen von unsch\u00e4tzbarer Sch\u00f6nheit. Diese Denkm\u00e4ler sind nur einige Beispiele f\u00fcr die historische und k\u00fcnstlerische Bedeutung Pisas.      <\/p>\n<p>Nachdem wir die Sch\u00f6nheit von Pisa, seine verborgenen Sch\u00e4tze und seine reiche Geschichte erkundet haben, gibt es noch einen Punkt zum Nachdenken: Welche anderen Wunder gibt es in dieser faszinierenden Stadt zu entdecken? Pisa \u00fcberrascht uns immer wieder mit seiner Kultur und seinem k\u00fcnstlerischen Erbe und l\u00e4dt uns ein, seine Gr\u00f6\u00dfe weiter zu erkunden und sich von ihr inspirieren zu lassen. <\/p>\n\t\t\t\t\t\t\t\t<\/div>\n\t\t\t\t<\/div>\n\t\t\t\t\t<\/div>\n\t\t<\/div>\n\t\t\t\t\t<\/div>\n\t\t<\/section>\n\t\t\t\t\t<\/div>\n\t\t<\/div>\n\t\t\t\t\t<\/div>\n\t\t<\/section>\n\t\t\t\t<\/div>\n\t\t","protected":false},"excerpt":{"rendered":"<p>Pisa Pisa: Geschichte, Kunst und verborgene Sch\u00e4tze Pisa ist eine der sch\u00f6nsten italienischen Kunstst\u00e4dte, die auf der ganzen Welt f\u00fcr ihren Schiefen Turm ber\u00fchmt ist. Doch neben diesem ber\u00fchmten Monument verbirgt die Stadt noch viele andere Sch\u00e4tze, die es zu entdecken gilt. Eine der sch\u00f6nsten Kunstst\u00e4dte Italiens Pisa ist eine der sch\u00f6nsten und ber\u00fchmtesten italienischen [&hellip;]<\/p>\n","protected":false},"author":1,"featured_media":0,"parent":0,"menu_order":0,"comment_status":"closed","ping_status":"closed","template":"elementor_header_footer","meta":{"footnotes":""},"class_list":["post-4998","page","type-page","status-publish","hentry"],"_links":{"self":[{"href":"https:\/\/casalepozzuolo.it\/de\/wp-json\/wp\/v2\/pages\/4998","targetHints":{"allow":["GET"]}}],"collection":[{"href":"https:\/\/casalepozzuolo.it\/de\/wp-json\/wp\/v2\/pages"}],"about":[{"href":"https:\/\/casalepozzuolo.it\/de\/wp-json\/wp\/v2\/types\/page"}],"author":[{"embeddable":true,"href":"https:\/\/casalepozzuolo.it\/de\/wp-json\/wp\/v2\/users\/1"}],"replies":[{"embeddable":true,"href":"https:\/\/casalepozzuolo.it\/de\/wp-json\/wp\/v2\/comments?post=4998"}],"version-history":[{"count":4,"href":"https:\/\/casalepozzuolo.it\/de\/wp-json\/wp\/v2\/pages\/4998\/revisions"}],"predecessor-version":[{"id":8279,"href":"https:\/\/casalepozzuolo.it\/de\/wp-json\/wp\/v2\/pages\/4998\/revisions\/8279"}],"wp:attachment":[{"href":"https:\/\/casalepozzuolo.it\/de\/wp-json\/wp\/v2\/media?parent=4998"}],"curies":[{"name":"wp","href":"https:\/\/api.w.org\/{rel}","templated":true}]}}