{"id":4990,"date":"2024-01-20T12:46:42","date_gmt":"2024-01-20T11:46:42","guid":{"rendered":"https:\/\/casalepozzuolo.it\/florenz\/"},"modified":"2026-03-21T07:01:55","modified_gmt":"2026-03-21T06:01:55","slug":"florenz","status":"publish","type":"page","link":"https:\/\/casalepozzuolo.it\/de\/florenz\/","title":{"rendered":"Florenz"},"content":{"rendered":"\t\t<div data-elementor-type=\"wp-page\" data-elementor-id=\"4990\" class=\"elementor elementor-4990 elementor-2601\" data-elementor-settings=\"{&quot;element_pack_global_tooltip_width&quot;:{&quot;unit&quot;:&quot;px&quot;,&quot;size&quot;:&quot;&quot;,&quot;sizes&quot;:[]},&quot;element_pack_global_tooltip_width_tablet&quot;:{&quot;unit&quot;:&quot;px&quot;,&quot;size&quot;:&quot;&quot;,&quot;sizes&quot;:[]},&quot;element_pack_global_tooltip_width_mobile&quot;:{&quot;unit&quot;:&quot;px&quot;,&quot;size&quot;:&quot;&quot;,&quot;sizes&quot;:[]},&quot;element_pack_global_tooltip_padding&quot;:{&quot;unit&quot;:&quot;px&quot;,&quot;top&quot;:&quot;&quot;,&quot;right&quot;:&quot;&quot;,&quot;bottom&quot;:&quot;&quot;,&quot;left&quot;:&quot;&quot;,&quot;isLinked&quot;:true},&quot;element_pack_global_tooltip_padding_tablet&quot;:{&quot;unit&quot;:&quot;px&quot;,&quot;top&quot;:&quot;&quot;,&quot;right&quot;:&quot;&quot;,&quot;bottom&quot;:&quot;&quot;,&quot;left&quot;:&quot;&quot;,&quot;isLinked&quot;:true},&quot;element_pack_global_tooltip_padding_mobile&quot;:{&quot;unit&quot;:&quot;px&quot;,&quot;top&quot;:&quot;&quot;,&quot;right&quot;:&quot;&quot;,&quot;bottom&quot;:&quot;&quot;,&quot;left&quot;:&quot;&quot;,&quot;isLinked&quot;:true},&quot;element_pack_global_tooltip_border_radius&quot;:{&quot;unit&quot;:&quot;px&quot;,&quot;top&quot;:&quot;&quot;,&quot;right&quot;:&quot;&quot;,&quot;bottom&quot;:&quot;&quot;,&quot;left&quot;:&quot;&quot;,&quot;isLinked&quot;:true},&quot;element_pack_global_tooltip_border_radius_tablet&quot;:{&quot;unit&quot;:&quot;px&quot;,&quot;top&quot;:&quot;&quot;,&quot;right&quot;:&quot;&quot;,&quot;bottom&quot;:&quot;&quot;,&quot;left&quot;:&quot;&quot;,&quot;isLinked&quot;:true},&quot;element_pack_global_tooltip_border_radius_mobile&quot;:{&quot;unit&quot;:&quot;px&quot;,&quot;top&quot;:&quot;&quot;,&quot;right&quot;:&quot;&quot;,&quot;bottom&quot;:&quot;&quot;,&quot;left&quot;:&quot;&quot;,&quot;isLinked&quot;:true}}\" data-elementor-post-type=\"page\">\n\t\t\t\t\t\t<section class=\"elementor-section elementor-top-section elementor-element elementor-element-c7d53b0 elementor-section-full_width elementor-section-height-min-height elementor-section-height-default elementor-section-items-middle\" data-id=\"c7d53b0\" data-element_type=\"section\" data-e-type=\"section\" data-settings=\"{&quot;background_background&quot;:&quot;classic&quot;}\">\n\t\t\t\t\t\t<div class=\"elementor-container elementor-column-gap-default\">\n\t\t\t\t\t<div class=\"elementor-column elementor-col-100 elementor-top-column elementor-element elementor-element-8f27e44\" data-id=\"8f27e44\" data-element_type=\"column\" data-e-type=\"column\" data-settings=\"{&quot;background_background&quot;:&quot;classic&quot;}\">\n\t\t\t<div class=\"elementor-widget-wrap elementor-element-populated\">\n\t\t\t\t\t\t<section class=\"elementor-section elementor-inner-section elementor-element elementor-element-bab91fe elementor-section-boxed elementor-section-height-default elementor-section-height-default\" data-id=\"bab91fe\" data-element_type=\"section\" data-e-type=\"section\">\n\t\t\t\t\t\t<div class=\"elementor-container elementor-column-gap-default\">\n\t\t\t\t\t<div class=\"elementor-column elementor-col-100 elementor-inner-column elementor-element elementor-element-ff0e079\" data-id=\"ff0e079\" data-element_type=\"column\" data-e-type=\"column\">\n\t\t\t<div class=\"elementor-widget-wrap elementor-element-populated\">\n\t\t\t\t\t\t<div class=\"elementor-element elementor-element-4706b35 elementor-widget elementor-widget-heading\" data-id=\"4706b35\" data-element_type=\"widget\" data-e-type=\"widget\" data-widget_type=\"heading.default\">\n\t\t\t\t<div class=\"elementor-widget-container\">\n\t\t\t\t\t<h2 class=\"elementor-heading-title elementor-size-default\">Florenz<\/h2>\t\t\t\t<\/div>\n\t\t\t\t<\/div>\n\t\t\t\t\t<\/div>\n\t\t<\/div>\n\t\t\t\t\t<\/div>\n\t\t<\/section>\n\t\t\t\t\t<\/div>\n\t\t<\/div>\n\t\t\t\t\t<\/div>\n\t\t<\/section>\n\t\t<div class=\"elementor-element elementor-element-343f741 elementor-hidden-tablet e-flex e-con-boxed e-con e-parent\" data-id=\"343f741\" data-element_type=\"container\" data-e-type=\"container\">\n\t\t\t\t\t<div class=\"e-con-inner\">\n\t\t\t\t<div class=\"elementor-element elementor-element-25620ab elementor-widget elementor-widget-shortcode\" data-id=\"25620ab\" data-element_type=\"widget\" data-e-type=\"widget\" data-widget_type=\"shortcode.default\">\n\t\t\t\t<div class=\"elementor-widget-container\">\n\t\t\t\t\t\t\t<div class=\"elementor-shortcode\"><style>    #box-pren-xenion {        background-color: rgba(0,0,0,0.1);        padding-top: 10px;        padding-bottom: 22px;        padding-left: 10px;        padding-right: 6px;        position: relative;    }    @media (max-width: 991px) {        #box-pren-xenion {            padding-right: 10px;            padding-bottom: 3px;        }    }    @media (max-width: 991px) {        #box-pren-xenion .col-pren {            padding-right: 3px;            padding-bottom: 3px;        }    }    #box-pren-xenion .btn-search {        background-color: #4dab66;    }    @media (max-width: 991px) {        #box-pren-xenion .col-pren {            padding-top: 3px;        }    }{\n\/* insert here additional code *\/\n\n}<\/style><div id='box-pren-xenion' ng-app='xenMain' ng-controller='mainCtrl'><div class='bootstrap-xenion'><div class='col-md-12 title' ng-class=\"{'col-pren-active':elementwithfocus=='ci'}\" >Online-Reservierung<\/div><div class='clearfix'><\/div><div class='col-md-3 col-pren' ng-class=\"{'col-pren-active':elementwithfocus=='ci'}\" >    <input id='checkIn' autocomplete='off' type='text' placeholder='Check-in' class='form-control form-control-date input-text' ng-focus=\"focus('ci')\" ng-change='changeDate()' ng-model='prenotazione.dataDa' data-min-date='{{today}}' name='date' bs-datepicker><\/div><div class='col-md-3 col-pren' ng-class=\"{'col-pren-active':elementwithfocus=='co'}\" >    <input id='checkOut' autocomplete='off' type='text' placeholder='Check-out' class='form-control form-control-date input-text' ng-focus=\"focus('co')\" ng-change='changeDate()' ng-model='prenotazione.dataAl' name='date' bs-datepicker><\/div><div class='col-md-2 col-pren' ng-class=\"{'col-pren-active':elementwithfocus=='adulti'}\" >    <select ng-focus=\"focus('adulti')\" ng-model='prenotazione.numAdulti' class='form-control input-select'>        <option value='' selected>Erwachsene<\/option><option value='1'>1 erwachsene<\/option><option value='2'>2 erwachsene<\/option><option value='3'>3 erwachsene<\/option><option value='4'>4 erwachsene<\/option><option value='5'>5 erwachsene<\/option><option value='6'>6 erwachsene<\/option><option value='7'>7 erwachsene<\/option><option value='8'>8 erwachsene<\/option><option value='9'>9 erwachsene<\/option><option value='10'>10 erwachsene<\/option><option value='11'>11 erwachsene<\/option><option value='12'>12 erwachsene<\/option><option value='13'>13 erwachsene<\/option><option value='14'>14 erwachsene<\/option><option value='15'>15 erwachsene<\/option><option value='16'>16 erwachsene<\/option><option value='17'>17 erwachsene<\/option><option value='18'>18 erwachsene<\/option><option value='19'>19 erwachsene<\/option><option value='20'>20 erwachsene<\/option>    <\/select><\/div><div class='col-md-2 col-pren' ng-class=\"{'col-pren-active':elementwithfocus=='bambini'}\" >    <select ng-focus=\"focus('bambini')\" ng-model='prenotazione.numBambini' class='form-control input-select'>        <option value='' disabled selected>Kinder<\/option><option value='0'>0 kinder<\/option><option value='1'>1 baby<\/option><option value='2'>2 kinder<\/option><option value='3'>3 kinder<\/option><option value='4'>4 kinder<\/option><option value='5'>5 kinder<\/option><option value='6'>6 kinder<\/option><option value='7'>7 kinder<\/option><option value='8'>8 kinder<\/option><option value='9'>9 kinder<\/option><option value='10'>10 kinder<\/option><option value='11'>11 kinder<\/option><option value='12'>12 kinder<\/option><option value='13'>13 kinder<\/option><option value='14'>14 kinder<\/option><option value='15'>15 kinder<\/option>    <\/select><\/div><div class='col-xs-6 col-sm-3 col-md-2 col-search'>   <div ng-click='startSearch()' ng-disabled='prenotazione.dateOK==undefined' class='btn btn-sm btn-primary btn-search'>Suche<\/div><\/div><div class='clearfix'><\/div><div ng-cloak><\/div><div class='clearfix'><\/div><div class='col-md-12 powered-by'>powered by <a class='link-xenion' title='Il gestionale semplice per strutture ricettive' target='_new' href='https:\/\/www.xenion.it\/'><u>xenion<\/u><\/a><\/div><\/div><\/div><script>    __testDatePk = '0';<\/script><\/div>\n\t\t\t\t\t\t<\/div>\n\t\t\t\t<\/div>\n\t\t\t\t\t<\/div>\n\t\t\t\t<\/div>\n\t\t\t\t<section class=\"elementor-section elementor-top-section elementor-element elementor-element-2fe584b elementor-section-boxed elementor-section-height-default elementor-section-height-default\" data-id=\"2fe584b\" data-element_type=\"section\" data-e-type=\"section\">\n\t\t\t\t\t\t<div class=\"elementor-container elementor-column-gap-default\">\n\t\t\t\t\t<div class=\"elementor-column elementor-col-100 elementor-top-column elementor-element elementor-element-cc14a5f\" data-id=\"cc14a5f\" data-element_type=\"column\" data-e-type=\"column\">\n\t\t\t<div class=\"elementor-widget-wrap elementor-element-populated\">\n\t\t\t\t\t\t<div class=\"elementor-element elementor-element-898aecd bdt-motion-effect-yes elementor-invisible elementor-widget elementor-widget-heading\" data-id=\"898aecd\" data-element_type=\"widget\" data-e-type=\"widget\" data-settings=\"{&quot;_animation&quot;:&quot;fadeInUp&quot;}\" data-widget_type=\"heading.default\">\n\t\t\t\t<div class=\"elementor-widget-container\">\n\t\t\t\t\t<h2 class=\"elementor-heading-title elementor-size-default\">Florenz: die Stadt der Kunst, Geschichte und Sch\u00f6nheit der Toskana<\/h2>\t\t\t\t<\/div>\n\t\t\t\t<\/div>\n\t\t\t\t<div class=\"elementor-element elementor-element-aaaeb5d elementor-invisible elementor-widget elementor-widget-image\" data-id=\"aaaeb5d\" data-element_type=\"widget\" data-e-type=\"widget\" data-settings=\"{&quot;_animation&quot;:&quot;fadeInUp&quot;}\" data-widget_type=\"image.default\">\n\t\t\t\t<div class=\"elementor-widget-container\">\n\t\t\t\t\t\t\t\t\t\t\t\t\t\t\t<img decoding=\"async\" width=\"122\" height=\"52\" src=\"https:\/\/casalepozzuolo.it\/wp-content\/uploads\/2023\/02\/casale-under-title.gif\" class=\"attachment-full size-full wp-image-157\" alt=\"\" \/>\t\t\t\t\t\t\t\t\t\t\t\t\t\t\t<\/div>\n\t\t\t\t<\/div>\n\t\t\t\t<section class=\"elementor-section elementor-inner-section elementor-element elementor-element-478ed0c elementor-section-boxed elementor-section-height-default elementor-section-height-default\" data-id=\"478ed0c\" data-element_type=\"section\" data-e-type=\"section\">\n\t\t\t\t\t\t<div class=\"elementor-container elementor-column-gap-default\">\n\t\t\t\t\t<div class=\"elementor-column elementor-col-100 elementor-inner-column elementor-element elementor-element-c4532a5\" data-id=\"c4532a5\" data-element_type=\"column\" data-e-type=\"column\">\n\t\t\t<div class=\"elementor-widget-wrap elementor-element-populated\">\n\t\t\t\t\t\t<div class=\"elementor-element elementor-element-bb63e35 elementor-invisible elementor-widget elementor-widget-text-editor\" data-id=\"bb63e35\" data-element_type=\"widget\" data-e-type=\"widget\" data-settings=\"{&quot;_animation&quot;:&quot;fadeInUp&quot;}\" data-widget_type=\"text-editor.default\">\n\t\t\t\t<div class=\"elementor-widget-container\">\n\t\t\t\t\t\t\t\t\t<p>Florenz, ein Juwel der italienischen Kunst, ist eine Stadt, die reich an Geschichte, Kultur und au\u00dfergew\u00f6hnlichen Denkm\u00e4lern ist. Auf der ganzen Welt f\u00fcr seine zeitlose Sch\u00f6nheit bekannt, bietet es eine Vielzahl von Orten, die Sie auf keinen Fall verpassen sollten.  <\/p>\n\t\t\t\t\t\t\t\t<\/div>\n\t\t\t\t<\/div>\n\t\t\t\t<div class=\"elementor-element elementor-element-9f8de08 elementor-invisible elementor-widget elementor-widget-heading\" data-id=\"9f8de08\" data-element_type=\"widget\" data-e-type=\"widget\" data-settings=\"{&quot;_animation&quot;:&quot;fadeInUp&quot;}\" data-widget_type=\"heading.default\">\n\t\t\t\t<div class=\"elementor-widget-container\">\n\t\t\t\t\t<h2 class=\"elementor-heading-title elementor-size-default\">Ein Juwel der italienischen Kunst<\/h2>\t\t\t\t<\/div>\n\t\t\t\t<\/div>\n\t\t\t\t<div class=\"elementor-element elementor-element-7113355 elementor-invisible elementor-widget elementor-widget-text-editor\" data-id=\"7113355\" data-element_type=\"widget\" data-e-type=\"widget\" data-settings=\"{&quot;_animation&quot;:&quot;fadeInUp&quot;}\" data-widget_type=\"text-editor.default\">\n\t\t\t\t<div class=\"elementor-widget-container\">\n\t\t\t\t\t\t\t\t\t<p>Florenz ist eine Stadt, die mit ihrer Sch\u00f6nheit und ihrer tausendj\u00e4hrigen Geschichte verzaubert. Sie liegt in der Toskana und gilt als einer der Kultursch\u00e4tze Italiens. Florenz ist ber\u00fchmt f\u00fcr seine k\u00fcnstlerischen Meisterwerke, wie die Uffizien, die Werke gro\u00dfer Meister wie Michelangelo, Botticelli und Leonardo da Vinci beherbergen. Die Stadt ist auch f\u00fcr ihren Dom bekannt, eine ikonische Kathedrale mit einer imposanten Kuppel, die von Brunelleschi entworfen wurde. Bei einem Spaziergang durch die Stra\u00dfen k\u00f6nnen Sie historische Pal\u00e4ste wie den Palazzo Vecchio und den Palazzo Pitti bewundern, die von der Eleganz und Pracht des Florenz der Renaissance zeugen. Ohne Zweifel ist Florenz ein wahres Juwel der italienischen Kunst.     <\/p>\n\t\t\t\t\t\t\t\t<\/div>\n\t\t\t\t<\/div>\n\t\t\t\t<div class=\"elementor-element elementor-element-e1c76c8 elementor-invisible elementor-widget elementor-widget-heading\" data-id=\"e1c76c8\" data-element_type=\"widget\" data-e-type=\"widget\" data-settings=\"{&quot;_animation&quot;:&quot;fadeInUp&quot;}\" data-widget_type=\"heading.default\">\n\t\t\t\t<div class=\"elementor-widget-container\">\n\t\t\t\t\t<h2 class=\"elementor-heading-title elementor-size-default\">Die ber\u00fchmtesten Orte in Florenz, die Sie nicht verpassen sollten<\/h2>\t\t\t\t<\/div>\n\t\t\t\t<\/div>\n\t\t\t\t<div class=\"elementor-element elementor-element-84a1e3d elementor-invisible elementor-widget elementor-widget-text-editor\" data-id=\"84a1e3d\" data-element_type=\"widget\" data-e-type=\"widget\" data-settings=\"{&quot;_animation&quot;:&quot;fadeInUp&quot;}\" data-widget_type=\"text-editor.default\">\n\t\t\t\t<div class=\"elementor-widget-container\">\n\t\t\t\t\t\t\t\t\t<p>Florenz, eine Stadt der Kunst und Kultur, ist voller Orte, die man gesehen haben muss. Dazu geh\u00f6rt die Kathedrale Santa Maria del Fiore, das Wahrzeichen der Stadt mit ihrer imposanten Kuppel, die von Brunelleschi entworfen wurde. Die Uffizien sind ein weiterer interessanter Ort, an dem Sie Meisterwerke der italienischen Kunst wie Botticellis Venus und Michelangelos Doni Tondo bewundern k\u00f6nnen. Die Ponte Vecchio, eines der ber\u00fchmtesten Wahrzeichen der Stadt, bietet einen atemberaubenden Blick auf den Fluss Arno und die umliegenden H\u00fcgel. Schlie\u00dflich ist der Palazzo Pitti mit seinen G\u00e4rten und Kunstsammlungen ein Ort von gro\u00dfem Charme f\u00fcr Liebhaber von Kunst und Geschichte. Dies sind nur einige der ber\u00fchmtesten Orte in Florenz, die Sie bei einem Besuch dieser sch\u00f6nen Stadt nicht verpassen d\u00fcrfen.     <\/p>\n\t\t\t\t\t\t\t\t<\/div>\n\t\t\t\t<\/div>\n\t\t\t\t<div class=\"elementor-element elementor-element-9d35a17 elementor-invisible elementor-widget elementor-widget-heading\" data-id=\"9d35a17\" data-element_type=\"widget\" data-e-type=\"widget\" data-settings=\"{&quot;_animation&quot;:&quot;fadeInUp&quot;}\" data-widget_type=\"heading.default\">\n\t\t\t\t<div class=\"elementor-widget-container\">\n\t\t\t\t\t<h2 class=\"elementor-heading-title elementor-size-default\">Erfahren Sie mehr \u00fcber die florentinische Geschichte und Kultur anhand seiner Denkm\u00e4ler<\/h2>\t\t\t\t<\/div>\n\t\t\t\t<\/div>\n\t\t\t\t<div class=\"elementor-element elementor-element-9d5323b elementor-invisible elementor-widget elementor-widget-text-editor\" data-id=\"9d5323b\" data-element_type=\"widget\" data-e-type=\"widget\" data-settings=\"{&quot;_animation&quot;:&quot;fadeInUp&quot;}\" data-widget_type=\"text-editor.default\">\n\t\t\t\t<div class=\"elementor-widget-container\">\n\t\t\t\t\t\t\t\t\t<p>Die Geschichte und Kultur von Florenz anhand seiner Denkm\u00e4ler zu entdecken, ist ein einzigartiges Erlebnis. Florenz ist eine Stadt, die reich an Geschichte und Kultur ist, und ihre Denkm\u00e4ler sind ein greifbarer Beweis daf\u00fcr. Die Kathedrale Santa Maria del Fiore mit ihrer imposanten Kuppel ist eines der ber\u00fchmtesten Denkm\u00e4ler. Die Uffizien beherbergen Kunstwerke von K\u00fcnstlern wie Leonardo da Vinci, Michelangelo und Botticelli. Die Ponte Vecchio, erbaut 1345, ist die \u00e4lteste Br\u00fccke in Florenz und bietet einen spektakul\u00e4ren Blick auf den Fluss Arno. Aber das sind nicht die einzigen Denkm\u00e4ler, die einen Besuch wert sind: Der Palazzo Pitti, die Boboli-G\u00e4rten, die Basilika Santa Croce und viele andere Orte erz\u00e4hlen die Geschichte und Kultur der Stadt. Der Besuch dieser Orte ist wie ein Bad in der Vergangenheit und das Eintauchen in die Sch\u00f6nheit der italienischen Kultur.      <\/p>\n<p>Florenz zu erkunden bedeutet, in einen Schatz an Kunst, Geschichte und Kultur einzutauchen. Ihre ber\u00fchmten Wahrzeichen erz\u00e4hlen jahrhundertealte Geschichten, die die Identit\u00e4t dieser italienischen Stadt gepr\u00e4gt haben. Aber was passiert, wenn die Lichter ausgehen und die Touristen gehen? Es gibt noch eine andere Seite von Florenz zu entdecken, versteckt zwischen den Stra\u00dfen und Gassen. Was verbirgt sich hinter den Fassaden Ihrer Geb\u00e4ude? Eine Herausforderung f\u00fcr Neugierige: \u00fcber den Schein hinauszugehen und tiefer in die Geschichte von Florenz einzutauchen.     <\/p>\n\t\t\t\t\t\t\t\t<\/div>\n\t\t\t\t<\/div>\n\t\t\t\t\t<\/div>\n\t\t<\/div>\n\t\t\t\t\t<\/div>\n\t\t<\/section>\n\t\t\t\t\t<\/div>\n\t\t<\/div>\n\t\t\t\t\t<\/div>\n\t\t<\/section>\n\t\t\t\t<\/div>\n\t\t","protected":false},"excerpt":{"rendered":"<p>Florenz Florenz: die Stadt der Kunst, Geschichte und Sch\u00f6nheit der Toskana Florenz, ein Juwel der italienischen Kunst, ist eine Stadt, die reich an Geschichte, Kultur und au\u00dfergew\u00f6hnlichen Denkm\u00e4lern ist. Auf der ganzen Welt f\u00fcr seine zeitlose Sch\u00f6nheit bekannt, bietet es eine Vielzahl von Orten, die Sie auf keinen Fall verpassen sollten. Ein Juwel der italienischen [&hellip;]<\/p>\n","protected":false},"author":1,"featured_media":0,"parent":0,"menu_order":0,"comment_status":"closed","ping_status":"closed","template":"elementor_header_footer","meta":{"footnotes":""},"class_list":["post-4990","page","type-page","status-publish","hentry"],"_links":{"self":[{"href":"https:\/\/casalepozzuolo.it\/de\/wp-json\/wp\/v2\/pages\/4990","targetHints":{"allow":["GET"]}}],"collection":[{"href":"https:\/\/casalepozzuolo.it\/de\/wp-json\/wp\/v2\/pages"}],"about":[{"href":"https:\/\/casalepozzuolo.it\/de\/wp-json\/wp\/v2\/types\/page"}],"author":[{"embeddable":true,"href":"https:\/\/casalepozzuolo.it\/de\/wp-json\/wp\/v2\/users\/1"}],"replies":[{"embeddable":true,"href":"https:\/\/casalepozzuolo.it\/de\/wp-json\/wp\/v2\/comments?post=4990"}],"version-history":[{"count":4,"href":"https:\/\/casalepozzuolo.it\/de\/wp-json\/wp\/v2\/pages\/4990\/revisions"}],"predecessor-version":[{"id":8261,"href":"https:\/\/casalepozzuolo.it\/de\/wp-json\/wp\/v2\/pages\/4990\/revisions\/8261"}],"wp:attachment":[{"href":"https:\/\/casalepozzuolo.it\/de\/wp-json\/wp\/v2\/media?parent=4990"}],"curies":[{"name":"wp","href":"https:\/\/api.w.org\/{rel}","templated":true}]}}