{"id":4975,"date":"2024-01-20T15:39:38","date_gmt":"2024-01-20T14:39:38","guid":{"rendered":"https:\/\/casalepozzuolo.it\/pitigliano\/"},"modified":"2026-03-21T06:55:27","modified_gmt":"2026-03-21T05:55:27","slug":"pitigliano","status":"publish","type":"page","link":"https:\/\/casalepozzuolo.it\/de\/pitigliano\/","title":{"rendered":"Pitigliano"},"content":{"rendered":"\t\t<div data-elementor-type=\"wp-page\" data-elementor-id=\"4975\" class=\"elementor elementor-4975 elementor-2687\" data-elementor-settings=\"{&quot;element_pack_global_tooltip_width&quot;:{&quot;unit&quot;:&quot;px&quot;,&quot;size&quot;:&quot;&quot;,&quot;sizes&quot;:[]},&quot;element_pack_global_tooltip_width_tablet&quot;:{&quot;unit&quot;:&quot;px&quot;,&quot;size&quot;:&quot;&quot;,&quot;sizes&quot;:[]},&quot;element_pack_global_tooltip_width_mobile&quot;:{&quot;unit&quot;:&quot;px&quot;,&quot;size&quot;:&quot;&quot;,&quot;sizes&quot;:[]},&quot;element_pack_global_tooltip_padding&quot;:{&quot;unit&quot;:&quot;px&quot;,&quot;top&quot;:&quot;&quot;,&quot;right&quot;:&quot;&quot;,&quot;bottom&quot;:&quot;&quot;,&quot;left&quot;:&quot;&quot;,&quot;isLinked&quot;:true},&quot;element_pack_global_tooltip_padding_tablet&quot;:{&quot;unit&quot;:&quot;px&quot;,&quot;top&quot;:&quot;&quot;,&quot;right&quot;:&quot;&quot;,&quot;bottom&quot;:&quot;&quot;,&quot;left&quot;:&quot;&quot;,&quot;isLinked&quot;:true},&quot;element_pack_global_tooltip_padding_mobile&quot;:{&quot;unit&quot;:&quot;px&quot;,&quot;top&quot;:&quot;&quot;,&quot;right&quot;:&quot;&quot;,&quot;bottom&quot;:&quot;&quot;,&quot;left&quot;:&quot;&quot;,&quot;isLinked&quot;:true},&quot;element_pack_global_tooltip_border_radius&quot;:{&quot;unit&quot;:&quot;px&quot;,&quot;top&quot;:&quot;&quot;,&quot;right&quot;:&quot;&quot;,&quot;bottom&quot;:&quot;&quot;,&quot;left&quot;:&quot;&quot;,&quot;isLinked&quot;:true},&quot;element_pack_global_tooltip_border_radius_tablet&quot;:{&quot;unit&quot;:&quot;px&quot;,&quot;top&quot;:&quot;&quot;,&quot;right&quot;:&quot;&quot;,&quot;bottom&quot;:&quot;&quot;,&quot;left&quot;:&quot;&quot;,&quot;isLinked&quot;:true},&quot;element_pack_global_tooltip_border_radius_mobile&quot;:{&quot;unit&quot;:&quot;px&quot;,&quot;top&quot;:&quot;&quot;,&quot;right&quot;:&quot;&quot;,&quot;bottom&quot;:&quot;&quot;,&quot;left&quot;:&quot;&quot;,&quot;isLinked&quot;:true}}\" data-elementor-post-type=\"page\">\n\t\t\t\t\t\t<section class=\"elementor-section elementor-top-section elementor-element elementor-element-c7d53b0 elementor-section-full_width elementor-section-height-min-height elementor-section-height-default elementor-section-items-middle\" data-id=\"c7d53b0\" data-element_type=\"section\" data-e-type=\"section\" data-settings=\"{&quot;background_background&quot;:&quot;classic&quot;}\">\n\t\t\t\t\t\t<div class=\"elementor-container elementor-column-gap-default\">\n\t\t\t\t\t<div class=\"elementor-column elementor-col-100 elementor-top-column elementor-element elementor-element-8f27e44\" data-id=\"8f27e44\" data-element_type=\"column\" data-e-type=\"column\" data-settings=\"{&quot;background_background&quot;:&quot;classic&quot;}\">\n\t\t\t<div class=\"elementor-widget-wrap elementor-element-populated\">\n\t\t\t\t\t\t<section class=\"elementor-section elementor-inner-section elementor-element elementor-element-bab91fe elementor-section-boxed elementor-section-height-default elementor-section-height-default\" data-id=\"bab91fe\" data-element_type=\"section\" data-e-type=\"section\">\n\t\t\t\t\t\t<div class=\"elementor-container elementor-column-gap-default\">\n\t\t\t\t\t<div class=\"elementor-column elementor-col-100 elementor-inner-column elementor-element elementor-element-ff0e079\" data-id=\"ff0e079\" data-element_type=\"column\" data-e-type=\"column\">\n\t\t\t<div class=\"elementor-widget-wrap elementor-element-populated\">\n\t\t\t\t\t\t<div class=\"elementor-element elementor-element-4706b35 elementor-widget elementor-widget-heading\" data-id=\"4706b35\" data-element_type=\"widget\" data-e-type=\"widget\" data-widget_type=\"heading.default\">\n\t\t\t\t<div class=\"elementor-widget-container\">\n\t\t\t\t\t<h2 class=\"elementor-heading-title elementor-size-default\">Pitigliano<\/h2>\t\t\t\t<\/div>\n\t\t\t\t<\/div>\n\t\t\t\t\t<\/div>\n\t\t<\/div>\n\t\t\t\t\t<\/div>\n\t\t<\/section>\n\t\t\t\t\t<\/div>\n\t\t<\/div>\n\t\t\t\t\t<\/div>\n\t\t<\/section>\n\t\t<div class=\"elementor-element elementor-element-76d2739 elementor-hidden-tablet e-flex e-con-boxed e-con e-parent\" data-id=\"76d2739\" data-element_type=\"container\" data-e-type=\"container\">\n\t\t\t\t\t<div class=\"e-con-inner\">\n\t\t\t\t<div class=\"elementor-element elementor-element-f7f4343 elementor-widget elementor-widget-shortcode\" data-id=\"f7f4343\" data-element_type=\"widget\" data-e-type=\"widget\" data-widget_type=\"shortcode.default\">\n\t\t\t\t<div class=\"elementor-widget-container\">\n\t\t\t\t\t\t\t<div class=\"elementor-shortcode\"><style>    #box-pren-xenion {        background-color: rgba(0,0,0,0.1);        padding-top: 10px;        padding-bottom: 22px;        padding-left: 10px;        padding-right: 6px;        position: relative;    }    @media (max-width: 991px) {        #box-pren-xenion {            padding-right: 10px;            padding-bottom: 3px;        }    }    @media (max-width: 991px) {        #box-pren-xenion .col-pren {            padding-right: 3px;            padding-bottom: 3px;        }    }    #box-pren-xenion .btn-search {        background-color: #4dab66;    }    @media (max-width: 991px) {        #box-pren-xenion .col-pren {            padding-top: 3px;        }    }{\n\/* insert here additional code *\/\n\n}<\/style><div id='box-pren-xenion' ng-app='xenMain' ng-controller='mainCtrl'><div class='bootstrap-xenion'><div class='col-md-12 title' ng-class=\"{'col-pren-active':elementwithfocus=='ci'}\" >Online-Reservierung<\/div><div class='clearfix'><\/div><div class='col-md-3 col-pren' ng-class=\"{'col-pren-active':elementwithfocus=='ci'}\" >    <input id='checkIn' autocomplete='off' type='text' placeholder='Check-in' class='form-control form-control-date input-text' ng-focus=\"focus('ci')\" ng-change='changeDate()' ng-model='prenotazione.dataDa' data-min-date='{{today}}' name='date' bs-datepicker><\/div><div class='col-md-3 col-pren' ng-class=\"{'col-pren-active':elementwithfocus=='co'}\" >    <input id='checkOut' autocomplete='off' type='text' placeholder='Check-out' class='form-control form-control-date input-text' ng-focus=\"focus('co')\" ng-change='changeDate()' ng-model='prenotazione.dataAl' name='date' bs-datepicker><\/div><div class='col-md-2 col-pren' ng-class=\"{'col-pren-active':elementwithfocus=='adulti'}\" >    <select ng-focus=\"focus('adulti')\" ng-model='prenotazione.numAdulti' class='form-control input-select'>        <option value='' selected>Erwachsene<\/option><option value='1'>1 erwachsene<\/option><option value='2'>2 erwachsene<\/option><option value='3'>3 erwachsene<\/option><option value='4'>4 erwachsene<\/option><option value='5'>5 erwachsene<\/option><option value='6'>6 erwachsene<\/option><option value='7'>7 erwachsene<\/option><option value='8'>8 erwachsene<\/option><option value='9'>9 erwachsene<\/option><option value='10'>10 erwachsene<\/option><option value='11'>11 erwachsene<\/option><option value='12'>12 erwachsene<\/option><option value='13'>13 erwachsene<\/option><option value='14'>14 erwachsene<\/option><option value='15'>15 erwachsene<\/option><option value='16'>16 erwachsene<\/option><option value='17'>17 erwachsene<\/option><option value='18'>18 erwachsene<\/option><option value='19'>19 erwachsene<\/option><option value='20'>20 erwachsene<\/option>    <\/select><\/div><div class='col-md-2 col-pren' ng-class=\"{'col-pren-active':elementwithfocus=='bambini'}\" >    <select ng-focus=\"focus('bambini')\" ng-model='prenotazione.numBambini' class='form-control input-select'>        <option value='' disabled selected>Kinder<\/option><option value='0'>0 kinder<\/option><option value='1'>1 baby<\/option><option value='2'>2 kinder<\/option><option value='3'>3 kinder<\/option><option value='4'>4 kinder<\/option><option value='5'>5 kinder<\/option><option value='6'>6 kinder<\/option><option value='7'>7 kinder<\/option><option value='8'>8 kinder<\/option><option value='9'>9 kinder<\/option><option value='10'>10 kinder<\/option><option value='11'>11 kinder<\/option><option value='12'>12 kinder<\/option><option value='13'>13 kinder<\/option><option value='14'>14 kinder<\/option><option value='15'>15 kinder<\/option>    <\/select><\/div><div class='col-xs-6 col-sm-3 col-md-2 col-search'>   <div ng-click='startSearch()' ng-disabled='prenotazione.dateOK==undefined' class='btn btn-sm btn-primary btn-search'>Suche<\/div><\/div><div class='clearfix'><\/div><div ng-cloak><\/div><div class='clearfix'><\/div><div class='col-md-12 powered-by'>powered by <a class='link-xenion' title='Il gestionale semplice per strutture ricettive' target='_new' href='https:\/\/www.xenion.it\/'><u>xenion<\/u><\/a><\/div><\/div><\/div><script>    __testDatePk = '0';<\/script><\/div>\n\t\t\t\t\t\t<\/div>\n\t\t\t\t<\/div>\n\t\t\t\t\t<\/div>\n\t\t\t\t<\/div>\n\t\t\t\t<section class=\"elementor-section elementor-top-section elementor-element elementor-element-2fe584b elementor-section-boxed elementor-section-height-default elementor-section-height-default\" data-id=\"2fe584b\" data-element_type=\"section\" data-e-type=\"section\">\n\t\t\t\t\t\t<div class=\"elementor-container elementor-column-gap-default\">\n\t\t\t\t\t<div class=\"elementor-column elementor-col-100 elementor-top-column elementor-element elementor-element-cc14a5f\" data-id=\"cc14a5f\" data-element_type=\"column\" data-e-type=\"column\">\n\t\t\t<div class=\"elementor-widget-wrap elementor-element-populated\">\n\t\t\t\t\t\t<div class=\"elementor-element elementor-element-898aecd bdt-motion-effect-yes elementor-invisible elementor-widget elementor-widget-heading\" data-id=\"898aecd\" data-element_type=\"widget\" data-e-type=\"widget\" data-settings=\"{&quot;_animation&quot;:&quot;fadeInUp&quot;}\" data-widget_type=\"heading.default\">\n\t\t\t\t<div class=\"elementor-widget-container\">\n\t\t\t\t\t<h1 class=\"elementor-heading-title elementor-size-default\">Pitigliano: eine verzauberte Reise durch Geschichte, Kultur und atemberaubende Landschaften<\/h1>\t\t\t\t<\/div>\n\t\t\t\t<\/div>\n\t\t\t\t<div class=\"elementor-element elementor-element-aaaeb5d elementor-invisible elementor-widget elementor-widget-image\" data-id=\"aaaeb5d\" data-element_type=\"widget\" data-e-type=\"widget\" data-settings=\"{&quot;_animation&quot;:&quot;fadeInUp&quot;}\" data-widget_type=\"image.default\">\n\t\t\t\t<div class=\"elementor-widget-container\">\n\t\t\t\t\t\t\t\t\t\t\t\t\t\t\t<img decoding=\"async\" width=\"122\" height=\"52\" src=\"https:\/\/casalepozzuolo.it\/wp-content\/uploads\/2023\/02\/casale-under-title.gif\" class=\"attachment-full size-full wp-image-157\" alt=\"\" \/>\t\t\t\t\t\t\t\t\t\t\t\t\t\t\t<\/div>\n\t\t\t\t<\/div>\n\t\t\t\t<section class=\"elementor-section elementor-inner-section elementor-element elementor-element-478ed0c elementor-section-boxed elementor-section-height-default elementor-section-height-default\" data-id=\"478ed0c\" data-element_type=\"section\" data-e-type=\"section\">\n\t\t\t\t\t\t<div class=\"elementor-container elementor-column-gap-default\">\n\t\t\t\t\t<div class=\"elementor-column elementor-col-100 elementor-inner-column elementor-element elementor-element-c4532a5\" data-id=\"c4532a5\" data-element_type=\"column\" data-e-type=\"column\">\n\t\t\t<div class=\"elementor-widget-wrap elementor-element-populated\">\n\t\t\t\t\t\t<div class=\"elementor-element elementor-element-bb63e35 elementor-invisible elementor-widget elementor-widget-text-editor\" data-id=\"bb63e35\" data-element_type=\"widget\" data-e-type=\"widget\" data-settings=\"{&quot;_animation&quot;:&quot;fadeInUp&quot;}\" data-widget_type=\"text-editor.default\">\n\t\t\t\t<div class=\"elementor-widget-container\">\n\t\t\t\t\t\t\t\t\t<p>Pitigliano ist ein verborgener Schatz der Toskana, der es verdient, entdeckt zu werden. Diese charmante mittelalterliche Stadt, die auf einem Tuffsteinh\u00fcgel erbaut wurde, bietet eine tausendj\u00e4hrige Geschichte und einzigartige Naturwunder, die es zu erkunden gilt. <\/p>\n\t\t\t\t\t\t\t\t<\/div>\n\t\t\t\t<\/div>\n\t\t\t\t<div class=\"elementor-element elementor-element-66757bb elementor-invisible elementor-widget elementor-widget-heading\" data-id=\"66757bb\" data-element_type=\"widget\" data-e-type=\"widget\" data-settings=\"{&quot;_animation&quot;:&quot;fadeInUp&quot;}\" data-widget_type=\"heading.default\">\n\t\t\t\t<div class=\"elementor-widget-container\">\n\t\t\t\t\t<h2 class=\"elementor-heading-title elementor-size-default\">Die Magie von Pitigliano: ein verborgener Schatz der Toskana<\/h2>\t\t\t\t<\/div>\n\t\t\t\t<\/div>\n\t\t\t\t<div class=\"elementor-element elementor-element-7113355 elementor-invisible elementor-widget elementor-widget-text-editor\" data-id=\"7113355\" data-element_type=\"widget\" data-e-type=\"widget\" data-settings=\"{&quot;_animation&quot;:&quot;fadeInUp&quot;}\" data-widget_type=\"text-editor.default\">\n\t\t\t\t<div class=\"elementor-widget-container\">\n\t\t\t\t\t\t\t\t\t<p>Pitigliano, ein altes Dorf in den H\u00fcgeln der Toskana, ist ein verborgener Schatz, der die Besucher mit seinem einzigartigen Charme in seinen Bann zieht. Dieses wundersch\u00f6ne mittelalterliche Dorf ist bekannt f\u00fcr seine engen, verwinkelten Gassen, Tuffsteinh\u00e4user und atemberaubenden Ausblicke auf das Tal. Neben seiner architektonischen Sch\u00f6nheit bietet es auch eine reiche tausendj\u00e4hrige Geschichte, die sich in seinen Denkm\u00e4lern und Museen widerspiegelt. Besucher k\u00f6nnen die alten unterirdischen H\u00f6hlen erkunden, die in den Tuffstein gehauen wurden, in die j\u00fcdische Kultur im j\u00fcdischen Viertel eintauchen und die majest\u00e4tische Kathedrale St. Peter und Paul bestaunen. Die Magie von Pitigliano ist ein unvergessliches Erlebnis, das die Besucher in eine andere Zeit versetzt.    <\/p>\n\t\t\t\t\t\t\t\t<\/div>\n\t\t\t\t<\/div>\n\t\t\t\t<div class=\"elementor-element elementor-element-f9197c0 elementor-invisible elementor-widget elementor-widget-heading\" data-id=\"f9197c0\" data-element_type=\"widget\" data-e-type=\"widget\" data-settings=\"{&quot;_animation&quot;:&quot;fadeInUp&quot;}\" data-widget_type=\"heading.default\">\n\t\t\t\t<div class=\"elementor-widget-container\">\n\t\t\t\t\t<h2 class=\"elementor-heading-title elementor-size-default\">Eine Explosion aus der Vergangenheit, eine tausendj\u00e4hrige Geschichte<\/h2>\t\t\t\t<\/div>\n\t\t\t\t<\/div>\n\t\t\t\t<div class=\"elementor-element elementor-element-84a1e3d elementor-invisible elementor-widget elementor-widget-text-editor\" data-id=\"84a1e3d\" data-element_type=\"widget\" data-e-type=\"widget\" data-settings=\"{&quot;_animation&quot;:&quot;fadeInUp&quot;}\" data-widget_type=\"text-editor.default\">\n\t\t\t\t<div class=\"elementor-widget-container\">\n\t\t\t\t\t\t\t\t\t<p>Pitigliano ist eine toskanische Stadt, die ihre Wurzeln in der tausendj\u00e4hrigen Geschichte hat. Ihre geografische Lage auf einem Tuffsteinh\u00fcgel hat die Stadt jahrhundertelang unzug\u00e4nglich gemacht, sie vor Invasionen gesch\u00fctzt und so ihr historisches und kulturelles Erbe bewahrt. Die Altstadt ist ein Freilichtmuseum, in dem Sie mittelalterliche Geb\u00e4ude, Renaissancepal\u00e4ste und barocke Kirchen bewundern k\u00f6nnen. Die Synagoge aus dem sechzehnten Jahrhundert zeugt von der Pr\u00e4senz der j\u00fcdischen Gemeinde in der Stadt. Die engen Gassen und charakteristischen Gassen erz\u00e4hlen Geschichten von alten Handwerkern und H\u00e4ndlern, die die Geschichte dieser einzigartigen Stadt geschrieben haben. Pitigliano ist ein Muss f\u00fcr alle, die in die Vergangenheit eintauchen und in die tausendj\u00e4hrige Geschichte der Toskana eintauchen m\u00f6chten.     <\/p>\n\t\t\t\t\t\t\t\t<\/div>\n\t\t\t\t<\/div>\n\t\t\t\t<div class=\"elementor-element elementor-element-370f563 elementor-invisible elementor-widget elementor-widget-heading\" data-id=\"370f563\" data-element_type=\"widget\" data-e-type=\"widget\" data-settings=\"{&quot;_animation&quot;:&quot;fadeInUp&quot;}\" data-widget_type=\"heading.default\">\n\t\t\t\t<div class=\"elementor-widget-container\">\n\t\t\t\t\t<h2 class=\"elementor-heading-title elementor-size-default\">Erkundung der Naturwunder von Pitigliano und seiner Umgebung<\/h2>\t\t\t\t<\/div>\n\t\t\t\t<\/div>\n\t\t\t\t<div class=\"elementor-element elementor-element-9d5323b elementor-invisible elementor-widget elementor-widget-text-editor\" data-id=\"9d5323b\" data-element_type=\"widget\" data-e-type=\"widget\" data-settings=\"{&quot;_animation&quot;:&quot;fadeInUp&quot;}\" data-widget_type=\"text-editor.default\">\n\t\t\t\t<div class=\"elementor-widget-container\">\n\t\t\t\t\t\t\t\t\t<p>Wenn Sie die Naturwunder von Pitigliano und seiner Umgebung erkunden, k\u00f6nnen Sie eine atemberaubende Landschaft entdecken, die eine Vielzahl von Attraktionen f\u00fcr Naturliebhaber bietet. Einer der H\u00f6hepunkte ist der Arch\u00e4ologische Park Citt\u00e0 del Tufo, in dem Sie die ber\u00fchmte etruskische H\u00f6hle bewundern k\u00f6nnen, alte Tunnel, die in den Tuffsteinfelsen gegraben wurden. Diese H\u00f6hlen sind ein wahres Schauspiel der Meisterschaft der alten Etrusker und bieten einen einzigartigen Einblick in die Geschichte von Pitigliano. Ebenfalls in der N\u00e4he befinden sich die Cascate del Mulino, eine Reihe von nat\u00fcrlichen Thermalwasserf\u00e4llen, die Warmwasserpools bilden, die sich perfekt f\u00fcr ein entspannendes Bad eignen. Die Erkundung dieser Naturwunder ist ein unvergessliches Erlebnis, das es Ihnen erm\u00f6glicht, vollst\u00e4ndig in die wilde Sch\u00f6nheit der Region einzutauchen.    <\/p>\n<p>Pitigliano ist ein einzigartiger Schatz der Toskana, der es wert ist, entdeckt zu werden. Die Geschichte, die Naturwunder und die magische Atmosph\u00e4re, die in den engen Gassen herrscht, sind nur einige der Gr\u00fcnde, warum es sich lohnt, dieses charmante Dorf zu besuchen. <\/p>\t\t\t\t\t\t\t\t<\/div>\n\t\t\t\t<\/div>\n\t\t\t\t\t<\/div>\n\t\t<\/div>\n\t\t\t\t\t<\/div>\n\t\t<\/section>\n\t\t\t\t\t<\/div>\n\t\t<\/div>\n\t\t\t\t\t<\/div>\n\t\t<\/section>\n\t\t\t\t<\/div>\n\t\t","protected":false},"excerpt":{"rendered":"<p>Pitigliano Pitigliano: eine verzauberte Reise durch Geschichte, Kultur und atemberaubende Landschaften Pitigliano ist ein verborgener Schatz der Toskana, der es verdient, entdeckt zu werden. Diese charmante mittelalterliche Stadt, die auf einem Tuffsteinh\u00fcgel erbaut wurde, bietet eine tausendj\u00e4hrige Geschichte und einzigartige Naturwunder, die es zu erkunden gilt. Die Magie von Pitigliano: ein verborgener Schatz der Toskana [&hellip;]<\/p>\n","protected":false},"author":1,"featured_media":0,"parent":0,"menu_order":0,"comment_status":"closed","ping_status":"closed","template":"elementor_header_footer","meta":{"footnotes":""},"class_list":["post-4975","page","type-page","status-publish","hentry"],"_links":{"self":[{"href":"https:\/\/casalepozzuolo.it\/de\/wp-json\/wp\/v2\/pages\/4975","targetHints":{"allow":["GET"]}}],"collection":[{"href":"https:\/\/casalepozzuolo.it\/de\/wp-json\/wp\/v2\/pages"}],"about":[{"href":"https:\/\/casalepozzuolo.it\/de\/wp-json\/wp\/v2\/types\/page"}],"author":[{"embeddable":true,"href":"https:\/\/casalepozzuolo.it\/de\/wp-json\/wp\/v2\/users\/1"}],"replies":[{"embeddable":true,"href":"https:\/\/casalepozzuolo.it\/de\/wp-json\/wp\/v2\/comments?post=4975"}],"version-history":[{"count":4,"href":"https:\/\/casalepozzuolo.it\/de\/wp-json\/wp\/v2\/pages\/4975\/revisions"}],"predecessor-version":[{"id":8234,"href":"https:\/\/casalepozzuolo.it\/de\/wp-json\/wp\/v2\/pages\/4975\/revisions\/8234"}],"wp:attachment":[{"href":"https:\/\/casalepozzuolo.it\/de\/wp-json\/wp\/v2\/media?parent=4975"}],"curies":[{"name":"wp","href":"https:\/\/api.w.org\/{rel}","templated":true}]}}